{"id":24740,"date":"2025-08-20T13:58:19","date_gmt":"2025-08-20T11:58:19","guid":{"rendered":"https:\/\/d-unas.com\/es\/?page_id=24740"},"modified":"2025-11-14T14:46:08","modified_gmt":"2025-11-14T13:46:08","slug":"d-unas-esmaltado-permanente-118","status":"publish","type":"page","link":"https:\/\/d-unas.com\/es\/d-unas-esmaltado-permanente-118\/","title":{"rendered":"d-u\u00f1as esmaltado permanente 118"},"content":{"rendered":"\t\t<div data-elementor-type=\"wp-post\" data-elementor-id=\"24740\" class=\"elementor elementor-24740\" data-elementor-post-type=\"page\">\n\t\t\t\t<div class=\"elementor-element elementor-element-e36c0c0 e-con-full e-flex e-con e-parent\" data-id=\"e36c0c0\" data-element_type=\"container\">\n\t\t\t\t<div class=\"elementor-element elementor-element-65f7a1c elementor-widget__width-inherit elementor-widget elementor-widget-heading\" data-id=\"65f7a1c\" data-element_type=\"widget\" data-widget_type=\"heading.default\">\n\t\t\t\t<div class=\"elementor-widget-container\">\n\t\t\t\t\t<h2 class=\"elementor-heading-title elementor-size-default\">Esmalte Permanente N\u00ba 118<\/h2>\t\t\t\t<\/div>\n\t\t\t\t<\/div>\n\t\t\t\t<\/div>\n\t\t<div class=\"elementor-element elementor-element-0401cd0 e-con-full e-flex e-con e-parent\" data-id=\"0401cd0\" data-element_type=\"container\">\n\t\t<div class=\"elementor-element elementor-element-b1fae7d e-con-full e-flex e-con e-child\" data-id=\"b1fae7d\" data-element_type=\"container\">\n\t\t\t\t<div class=\"elementor-element elementor-element-3462479 elementor-widget elementor-widget-heading\" data-id=\"3462479\" data-element_type=\"widget\" data-widget_type=\"heading.default\">\n\t\t\t\t<div class=\"elementor-widget-container\">\n\t\t\t\t\t<h2 class=\"elementor-heading-title elementor-size-default\">COLOR<\/h2>\t\t\t\t<\/div>\n\t\t\t\t<\/div>\n\t\t\t\t<div class=\"elementor-element elementor-element-5b4420e elementor-widget elementor-widget-heading\" data-id=\"5b4420e\" data-element_type=\"widget\" data-widget_type=\"heading.default\">\n\t\t\t\t<div class=\"elementor-widget-container\">\n\t\t\t\t\t<h2 class=\"elementor-heading-title elementor-size-default\">NOMBRE<\/h2>\t\t\t\t<\/div>\n\t\t\t\t<\/div>\n\t\t\t\t<div class=\"elementor-element elementor-element-f5db391 elementor-widget elementor-widget-heading\" data-id=\"f5db391\" data-element_type=\"widget\" data-widget_type=\"heading.default\">\n\t\t\t\t<div class=\"elementor-widget-container\">\n\t\t\t\t\t<h2 class=\"elementor-heading-title elementor-size-default\">ESMALTE<\/h2>\t\t\t\t<\/div>\n\t\t\t\t<\/div>\n\t\t\t\t<div class=\"elementor-element elementor-element-90856f0 elementor-widget elementor-widget-heading\" data-id=\"90856f0\" data-element_type=\"widget\" data-widget_type=\"heading.default\">\n\t\t\t\t<div class=\"elementor-widget-container\">\n\t\t\t\t\t<h2 class=\"elementor-heading-title elementor-size-default\">FAMILIA<\/h2>\t\t\t\t<\/div>\n\t\t\t\t<\/div>\n\t\t\t\t<\/div>\n\t\t<div class=\"elementor-element elementor-element-13dee67 e-con-full e-flex e-con e-child\" data-id=\"13dee67\" data-element_type=\"container\">\n\t\t\t\t<div class=\"elementor-element elementor-element-1a2ae92 elementor-view-default elementor-widget elementor-widget-icon\" data-id=\"1a2ae92\" data-element_type=\"widget\" data-widget_type=\"icon.default\">\n\t\t\t\t<div class=\"elementor-widget-container\">\n\t\t\t\t\t\t\t<div class=\"elementor-icon-wrapper\">\n\t\t\t<div class=\"elementor-icon\">\n\t\t\t<svg aria-hidden=\"true\" class=\"e-font-icon-svg e-fas-square-full\" viewBox=\"0 0 512 512\" xmlns=\"http:\/\/www.w3.org\/2000\/svg\"><path d=\"M512 512H0V0h512v512z\"><\/path><\/svg>\t\t\t<\/div>\n\t\t<\/div>\n\t\t\t\t\t\t<\/div>\n\t\t\t\t<\/div>\n\t\t\t\t<div class=\"elementor-element elementor-element-3c6649b elementor-widget elementor-widget-heading\" data-id=\"3c6649b\" data-element_type=\"widget\" data-widget_type=\"heading.default\">\n\t\t\t\t<div class=\"elementor-widget-container\">\n\t\t\t\t\t<h2 class=\"elementor-heading-title elementor-size-default\">Esmalte Permanente N\u00ba 118<\/h2>\t\t\t\t<\/div>\n\t\t\t\t<\/div>\n\t\t\t\t<div class=\"elementor-element elementor-element-f02fbe8 elementor-widget elementor-widget-heading\" data-id=\"f02fbe8\" data-element_type=\"widget\" data-widget_type=\"heading.default\">\n\t\t\t\t<div class=\"elementor-widget-container\">\n\t\t\t\t\t<h2 class=\"elementor-heading-title elementor-size-default\">PERMANENTE<\/h2>\t\t\t\t<\/div>\n\t\t\t\t<\/div>\n\t\t\t\t<div class=\"elementor-element elementor-element-ddf8662 elementor-widget elementor-widget-heading\" data-id=\"ddf8662\" data-element_type=\"widget\" data-widget_type=\"heading.default\">\n\t\t\t\t<div class=\"elementor-widget-container\">\n\t\t\t\t\t<h2 class=\"elementor-heading-title elementor-size-default\">Coral<\/h2>\t\t\t\t<\/div>\n\t\t\t\t<\/div>\n\t\t\t\t<\/div>\n\t\t\t\t<\/div>\n\t\t<div class=\"elementor-element elementor-element-3216d67 e-con-full e-flex e-con e-parent\" data-id=\"3216d67\" data-element_type=\"container\">\n\t\t<div class=\"elementor-element elementor-element-6de1574 e-con-full e-flex e-con e-child\" data-id=\"6de1574\" data-element_type=\"container\">\n\t\t\t\t<\/div>\n\t\t<div class=\"elementor-element elementor-element-5db4330 e-con-full e-flex e-con e-child\" data-id=\"5db4330\" data-element_type=\"container\">\n\t\t\t\t<\/div>\n\t\t\t\t<\/div>\n\t\t<div class=\"elementor-element elementor-element-23353b1 e-con-full e-flex e-con e-parent\" data-id=\"23353b1\" data-element_type=\"container\">\n\t\t<div class=\"elementor-element elementor-element-476df68 e-con-full e-flex e-con e-child\" data-id=\"476df68\" data-element_type=\"container\">\n\t\t\t\t<div class=\"elementor-element elementor-element-8e23513 elementor-widget elementor-widget-image\" data-id=\"8e23513\" data-element_type=\"widget\" data-widget_type=\"image.default\">\n\t\t\t\t<div class=\"elementor-widget-container\">\n\t\t\t\t\t\t\t\t\t\t\t\t\t\t\t<img fetchpriority=\"high\" decoding=\"async\" width=\"1024\" height=\"1024\" src=\"https:\/\/d-unas.com\/es\/wp-content\/uploads\/2025\/08\/nro-118-esmalte-permanente.png\" class=\"attachment-full size-full wp-image-24743\" alt=\"\" srcset=\"https:\/\/d-unas.com\/es\/wp-content\/uploads\/2025\/08\/nro-118-esmalte-permanente.png 1024w, https:\/\/d-unas.com\/es\/wp-content\/uploads\/2025\/08\/nro-118-esmalte-permanente-450x450.png 450w, https:\/\/d-unas.com\/es\/wp-content\/uploads\/2025\/08\/nro-118-esmalte-permanente-100x100.png 100w, https:\/\/d-unas.com\/es\/wp-content\/uploads\/2025\/08\/nro-118-esmalte-permanente-600x600.png 600w, https:\/\/d-unas.com\/es\/wp-content\/uploads\/2025\/08\/nro-118-esmalte-permanente-300x300.png 300w, https:\/\/d-unas.com\/es\/wp-content\/uploads\/2025\/08\/nro-118-esmalte-permanente-150x150.png 150w, https:\/\/d-unas.com\/es\/wp-content\/uploads\/2025\/08\/nro-118-esmalte-permanente-768x768.png 768w\" sizes=\"(max-width: 1024px) 100vw, 1024px\" \/>\t\t\t\t\t\t\t\t\t\t\t\t\t\t\t<\/div>\n\t\t\t\t<\/div>\n\t\t\t\t<\/div>\n\t\t<div class=\"elementor-element elementor-element-ca6c448 e-con-full e-flex e-con e-child\" data-id=\"ca6c448\" data-element_type=\"container\">\n\t\t\t\t<\/div>\n\t\t\t\t<\/div>\n\t\t\t\t<\/div>\n\t\t","protected":false},"excerpt":{"rendered":"<p>Esmalte Permanente N\u00ba 118 COLOR NOMBRE ESMALTE FAMILIA Esmalte Permanente N\u00ba 118 PERMANENTE Coral<\/p>\n","protected":false},"author":3,"featured_media":0,"parent":0,"menu_order":0,"comment_status":"closed","ping_status":"closed","template":"elementor_header_footer","meta":{"content-type":"","footnotes":""},"class_list":["post-24740","page","type-page","status-publish","hentry"],"yoast_head":"<!-- This site is optimized with the Yoast SEO plugin v26.8 - https:\/\/yoast.com\/product\/yoast-seo-wordpress\/ -->\n<title>Elige el color de tus u\u00f1as - Salones d-u\u00f1as<\/title>\n<meta name=\"description\" content=\"En nuestros salones de u\u00f1as, encontrar\u00e1s los servicios de manicura, pedicura, u\u00f1as esculpidas... Elige el color de u\u00f1as que m\u00e1s te guste...\" \/>\n<meta name=\"robots\" content=\"index, follow, max-snippet:-1, max-image-preview:large, max-video-preview:-1\" \/>\n<link rel=\"canonical\" href=\"https:\/\/d-unas.com\/es\/d-unas-esmaltado-permanente-118\/\" \/>\n<meta property=\"og:locale\" content=\"es_ES\" \/>\n<meta property=\"og:type\" content=\"article\" \/>\n<meta property=\"og:title\" content=\"Elige el color de tus u\u00f1as - Salones d-u\u00f1as\" \/>\n<meta property=\"og:description\" content=\"En nuestros salones de u\u00f1as, encontrar\u00e1s los servicios de manicura, pedicura, u\u00f1as esculpidas... Elige el color de u\u00f1as que m\u00e1s te guste...\" \/>\n<meta property=\"og:url\" content=\"https:\/\/d-unas.com\/es\/d-unas-esmaltado-permanente-118\/\" \/>\n<meta property=\"og:site_name\" content=\"d-unas\" \/>\n<meta property=\"article:modified_time\" content=\"2025-11-14T13:46:08+00:00\" \/>\n<meta property=\"og:image\" content=\"https:\/\/d-unas.com\/es\/wp-content\/uploads\/2025\/08\/nro-118-esmalte-permanente.png\" \/>\n\t<meta property=\"og:image:width\" content=\"1024\" \/>\n\t<meta property=\"og:image:height\" content=\"1024\" \/>\n\t<meta property=\"og:image:type\" content=\"image\/png\" \/>\n<meta name=\"twitter:card\" content=\"summary_large_image\" \/>\n<meta name=\"twitter:label1\" content=\"Tiempo de lectura\" \/>\n\t<meta name=\"twitter:data1\" content=\"1 minuto\" \/>\n<script type=\"application\/ld+json\" class=\"yoast-schema-graph\">{\"@context\":\"https:\/\/schema.org\",\"@graph\":[{\"@type\":\"WebPage\",\"@id\":\"https:\/\/d-unas.com\/es\/d-unas-esmaltado-permanente-118\/\",\"url\":\"https:\/\/d-unas.com\/es\/d-unas-esmaltado-permanente-118\/\",\"name\":\"Elige el color de tus u\u00f1as - Salones d-u\u00f1as\",\"isPartOf\":{\"@id\":\"https:\/\/d-unas.com\/es\/#website\"},\"primaryImageOfPage\":{\"@id\":\"https:\/\/d-unas.com\/es\/d-unas-esmaltado-permanente-118\/#primaryimage\"},\"image\":{\"@id\":\"https:\/\/d-unas.com\/es\/d-unas-esmaltado-permanente-118\/#primaryimage\"},\"thumbnailUrl\":\"https:\/\/d-unas.com\/es\/wp-content\/uploads\/2025\/08\/nro-118-esmalte-permanente.png\",\"datePublished\":\"2025-08-20T11:58:19+00:00\",\"dateModified\":\"2025-11-14T13:46:08+00:00\",\"description\":\"En nuestros salones de u\u00f1as, encontrar\u00e1s los servicios de manicura, pedicura, u\u00f1as esculpidas... Elige el color de u\u00f1as que m\u00e1s te guste...\",\"breadcrumb\":{\"@id\":\"https:\/\/d-unas.com\/es\/d-unas-esmaltado-permanente-118\/#breadcrumb\"},\"inLanguage\":\"es\",\"potentialAction\":[{\"@type\":\"ReadAction\",\"target\":[\"https:\/\/d-unas.com\/es\/d-unas-esmaltado-permanente-118\/\"]}]},{\"@type\":\"ImageObject\",\"inLanguage\":\"es\",\"@id\":\"https:\/\/d-unas.com\/es\/d-unas-esmaltado-permanente-118\/#primaryimage\",\"url\":\"https:\/\/d-unas.com\/es\/wp-content\/uploads\/2025\/08\/nro-118-esmalte-permanente.png\",\"contentUrl\":\"https:\/\/d-unas.com\/es\/wp-content\/uploads\/2025\/08\/nro-118-esmalte-permanente.png\",\"width\":1024,\"height\":1024},{\"@type\":\"BreadcrumbList\",\"@id\":\"https:\/\/d-unas.com\/es\/d-unas-esmaltado-permanente-118\/#breadcrumb\",\"itemListElement\":[{\"@type\":\"ListItem\",\"position\":1,\"name\":\"Portada\",\"item\":\"https:\/\/d-unas.com\/es\/\"},{\"@type\":\"ListItem\",\"position\":2,\"name\":\"d-u\u00f1as esmaltado permanente 118\"}]},{\"@type\":\"WebSite\",\"@id\":\"https:\/\/d-unas.com\/es\/#website\",\"url\":\"https:\/\/d-unas.com\/es\/\",\"name\":\"d-unas\",\"description\":\"\",\"publisher\":{\"@id\":\"https:\/\/d-unas.com\/es\/#organization\"},\"potentialAction\":[{\"@type\":\"SearchAction\",\"target\":{\"@type\":\"EntryPoint\",\"urlTemplate\":\"https:\/\/d-unas.com\/es\/?s={search_term_string}\"},\"query-input\":{\"@type\":\"PropertyValueSpecification\",\"valueRequired\":true,\"valueName\":\"search_term_string\"}}],\"inLanguage\":\"es\"},{\"@type\":\"Organization\",\"@id\":\"https:\/\/d-unas.com\/es\/#organization\",\"name\":\"d-unas\",\"url\":\"https:\/\/d-unas.com\/es\/\",\"logo\":{\"@type\":\"ImageObject\",\"inLanguage\":\"es\",\"@id\":\"https:\/\/d-unas.com\/es\/#\/schema\/logo\/image\/\",\"url\":\"https:\/\/d-unas.com\/es\/wp-content\/uploads\/2024\/12\/LOGO-D-UNAS.png\",\"contentUrl\":\"https:\/\/d-unas.com\/es\/wp-content\/uploads\/2024\/12\/LOGO-D-UNAS.png\",\"width\":349,\"height\":97,\"caption\":\"d-unas\"},\"image\":{\"@id\":\"https:\/\/d-unas.com\/es\/#\/schema\/logo\/image\/\"}}]}<\/script>\n<!-- \/ Yoast SEO plugin. -->","yoast_head_json":{"title":"Elige el color de tus u\u00f1as - Salones d-u\u00f1as","description":"En nuestros salones de u\u00f1as, encontrar\u00e1s los servicios de manicura, pedicura, u\u00f1as esculpidas... Elige el color de u\u00f1as que m\u00e1s te guste...","robots":{"index":"index","follow":"follow","max-snippet":"max-snippet:-1","max-image-preview":"max-image-preview:large","max-video-preview":"max-video-preview:-1"},"canonical":"https:\/\/d-unas.com\/es\/d-unas-esmaltado-permanente-118\/","og_locale":"es_ES","og_type":"article","og_title":"Elige el color de tus u\u00f1as - Salones d-u\u00f1as","og_description":"En nuestros salones de u\u00f1as, encontrar\u00e1s los servicios de manicura, pedicura, u\u00f1as esculpidas... Elige el color de u\u00f1as que m\u00e1s te guste...","og_url":"https:\/\/d-unas.com\/es\/d-unas-esmaltado-permanente-118\/","og_site_name":"d-unas","article_modified_time":"2025-11-14T13:46:08+00:00","og_image":[{"width":1024,"height":1024,"url":"https:\/\/d-unas.com\/es\/wp-content\/uploads\/2025\/08\/nro-118-esmalte-permanente.png","type":"image\/png"}],"twitter_card":"summary_large_image","twitter_misc":{"Tiempo de lectura":"1 minuto"},"schema":{"@context":"https:\/\/schema.org","@graph":[{"@type":"WebPage","@id":"https:\/\/d-unas.com\/es\/d-unas-esmaltado-permanente-118\/","url":"https:\/\/d-unas.com\/es\/d-unas-esmaltado-permanente-118\/","name":"Elige el color de tus u\u00f1as - Salones d-u\u00f1as","isPartOf":{"@id":"https:\/\/d-unas.com\/es\/#website"},"primaryImageOfPage":{"@id":"https:\/\/d-unas.com\/es\/d-unas-esmaltado-permanente-118\/#primaryimage"},"image":{"@id":"https:\/\/d-unas.com\/es\/d-unas-esmaltado-permanente-118\/#primaryimage"},"thumbnailUrl":"https:\/\/d-unas.com\/es\/wp-content\/uploads\/2025\/08\/nro-118-esmalte-permanente.png","datePublished":"2025-08-20T11:58:19+00:00","dateModified":"2025-11-14T13:46:08+00:00","description":"En nuestros salones de u\u00f1as, encontrar\u00e1s los servicios de manicura, pedicura, u\u00f1as esculpidas... Elige el color de u\u00f1as que m\u00e1s te guste...","breadcrumb":{"@id":"https:\/\/d-unas.com\/es\/d-unas-esmaltado-permanente-118\/#breadcrumb"},"inLanguage":"es","potentialAction":[{"@type":"ReadAction","target":["https:\/\/d-unas.com\/es\/d-unas-esmaltado-permanente-118\/"]}]},{"@type":"ImageObject","inLanguage":"es","@id":"https:\/\/d-unas.com\/es\/d-unas-esmaltado-permanente-118\/#primaryimage","url":"https:\/\/d-unas.com\/es\/wp-content\/uploads\/2025\/08\/nro-118-esmalte-permanente.png","contentUrl":"https:\/\/d-unas.com\/es\/wp-content\/uploads\/2025\/08\/nro-118-esmalte-permanente.png","width":1024,"height":1024},{"@type":"BreadcrumbList","@id":"https:\/\/d-unas.com\/es\/d-unas-esmaltado-permanente-118\/#breadcrumb","itemListElement":[{"@type":"ListItem","position":1,"name":"Portada","item":"https:\/\/d-unas.com\/es\/"},{"@type":"ListItem","position":2,"name":"d-u\u00f1as esmaltado permanente 118"}]},{"@type":"WebSite","@id":"https:\/\/d-unas.com\/es\/#website","url":"https:\/\/d-unas.com\/es\/","name":"d-unas","description":"","publisher":{"@id":"https:\/\/d-unas.com\/es\/#organization"},"potentialAction":[{"@type":"SearchAction","target":{"@type":"EntryPoint","urlTemplate":"https:\/\/d-unas.com\/es\/?s={search_term_string}"},"query-input":{"@type":"PropertyValueSpecification","valueRequired":true,"valueName":"search_term_string"}}],"inLanguage":"es"},{"@type":"Organization","@id":"https:\/\/d-unas.com\/es\/#organization","name":"d-unas","url":"https:\/\/d-unas.com\/es\/","logo":{"@type":"ImageObject","inLanguage":"es","@id":"https:\/\/d-unas.com\/es\/#\/schema\/logo\/image\/","url":"https:\/\/d-unas.com\/es\/wp-content\/uploads\/2024\/12\/LOGO-D-UNAS.png","contentUrl":"https:\/\/d-unas.com\/es\/wp-content\/uploads\/2024\/12\/LOGO-D-UNAS.png","width":349,"height":97,"caption":"d-unas"},"image":{"@id":"https:\/\/d-unas.com\/es\/#\/schema\/logo\/image\/"}}]}},"_links":{"self":[{"href":"https:\/\/d-unas.com\/es\/wp-json\/wp\/v2\/pages\/24740","targetHints":{"allow":["GET"]}}],"collection":[{"href":"https:\/\/d-unas.com\/es\/wp-json\/wp\/v2\/pages"}],"about":[{"href":"https:\/\/d-unas.com\/es\/wp-json\/wp\/v2\/types\/page"}],"author":[{"embeddable":true,"href":"https:\/\/d-unas.com\/es\/wp-json\/wp\/v2\/users\/3"}],"replies":[{"embeddable":true,"href":"https:\/\/d-unas.com\/es\/wp-json\/wp\/v2\/comments?post=24740"}],"version-history":[{"count":7,"href":"https:\/\/d-unas.com\/es\/wp-json\/wp\/v2\/pages\/24740\/revisions"}],"predecessor-version":[{"id":27757,"href":"https:\/\/d-unas.com\/es\/wp-json\/wp\/v2\/pages\/24740\/revisions\/27757"}],"wp:attachment":[{"href":"https:\/\/d-unas.com\/es\/wp-json\/wp\/v2\/media?parent=24740"}],"curies":[{"name":"wp","href":"https:\/\/api.w.org\/{rel}","templated":true}]}}