{"id":27855,"date":"2025-11-20T23:28:17","date_gmt":"2025-11-20T22:28:17","guid":{"rendered":"https:\/\/d-unas.com\/es\/?page_id=27855"},"modified":"2026-02-10T01:39:41","modified_gmt":"2026-02-10T00:39:41","slug":"eventos","status":"publish","type":"page","link":"https:\/\/d-unas.com\/es\/eventos\/","title":{"rendered":"Eventos"},"content":{"rendered":"\t\t<div data-elementor-type=\"wp-post\" data-elementor-id=\"27855\" class=\"elementor elementor-27855\" data-elementor-post-type=\"page\">\n\t\t\t\t<div class=\"elementor-element elementor-element-3de5e4e e-con-full e-flex e-con e-parent\" data-id=\"3de5e4e\" data-element_type=\"container\" data-settings=\"{&quot;background_background&quot;:&quot;classic&quot;}\">\n\t\t<div class=\"elementor-element elementor-element-7d8f35d e-con-full e-flex e-con e-child\" data-id=\"7d8f35d\" data-element_type=\"container\">\n\t\t<div class=\"elementor-element elementor-element-7101cb4 e-con-full e-flex e-con e-child\" data-id=\"7101cb4\" data-element_type=\"container\">\n\t\t<div class=\"elementor-element elementor-element-3c22673 e-con-full e-flex e-con e-child\" data-id=\"3c22673\" data-element_type=\"container\">\n\t\t\t\t<div class=\"elementor-element elementor-element-ca1dfd0 elementor-widget elementor-widget-heading\" data-id=\"ca1dfd0\" data-element_type=\"widget\" data-widget_type=\"heading.default\">\n\t\t\t\t<div class=\"elementor-widget-container\">\n\t\t\t\t\t<h1 class=\"elementor-heading-title elementor-size-default\">Eventos<\/h1>\t\t\t\t<\/div>\n\t\t\t\t<\/div>\n\t\t\t\t<\/div>\n\t\t<div class=\"elementor-element elementor-element-1c87e7d e-con-full e-flex e-con e-child\" data-id=\"1c87e7d\" data-element_type=\"container\">\n\t\t\t\t<div class=\"elementor-element elementor-element-d6b6580 elementor-align-center elementor-widget__width-initial elementor-widget-mobile__width-initial elementor-widget elementor-widget-button\" data-id=\"d6b6580\" data-element_type=\"widget\" data-widget_type=\"button.default\">\n\t\t\t\t<div class=\"elementor-widget-container\">\n\t\t\t\t\t\t\t\t\t<div class=\"elementor-button-wrapper\">\n\t\t\t\t\t<a class=\"elementor-button elementor-button-link elementor-size-sm\" href=\"https:\/\/api.flowww.ws\/fwa\/#\/init\/beauty_es\/es\/\/ffcc03\/000000\/\/\">\n\t\t\t\t\t\t<span class=\"elementor-button-content-wrapper\">\n\t\t\t\t\t\t\t\t\t<span class=\"elementor-button-text\">RESERVA<\/span>\n\t\t\t\t\t<\/span>\n\t\t\t\t\t<\/a>\n\t\t\t\t<\/div>\n\t\t\t\t\t\t\t\t<\/div>\n\t\t\t\t<\/div>\n\t\t\t\t<\/div>\n\t\t\t\t<\/div>\n\t\t\t\t<\/div>\n\t\t\t\t<\/div>\n\t\t<div class=\"elementor-element elementor-element-a325dc7 e-con-full elementor-hidden-tablet elementor-hidden-mobile e-flex e-con e-parent\" data-id=\"a325dc7\" data-element_type=\"container\" data-settings=\"{&quot;background_background&quot;:&quot;classic&quot;}\">\n\t\t<div class=\"elementor-element elementor-element-ddf07b2 e-con-full e-flex e-con e-child\" data-id=\"ddf07b2\" data-element_type=\"container\">\n\t\t<div class=\"elementor-element elementor-element-0291e8f e-con-full e-flex e-con e-child\" data-id=\"0291e8f\" data-element_type=\"container\">\n\t\t<div class=\"elementor-element elementor-element-a2f982f e-con-full e-flex e-con e-child\" data-id=\"a2f982f\" data-element_type=\"container\">\n\t\t\t\t<div class=\"elementor-element elementor-element-524343e elementor-widget elementor-widget-heading\" data-id=\"524343e\" data-element_type=\"widget\" data-widget_type=\"heading.default\">\n\t\t\t\t<div class=\"elementor-widget-container\">\n\t\t\t\t\t<h3 class=\"elementor-heading-title elementor-size-default\">Es un d\u00eda especial<\/h3>\t\t\t\t<\/div>\n\t\t\t\t<\/div>\n\t\t\t\t<div class=\"elementor-element elementor-element-04c903e elementor-widget elementor-widget-heading\" data-id=\"04c903e\" data-element_type=\"widget\" data-widget_type=\"heading.default\">\n\t\t\t\t<div class=\"elementor-widget-container\">\n\t\t\t\t\t<h3 class=\"elementor-heading-title elementor-size-default\">y estamos contigo.<\/h3>\t\t\t\t<\/div>\n\t\t\t\t<\/div>\n\t\t\t\t<\/div>\n\t\t<div class=\"elementor-element elementor-element-e33d32c e-con-full e-flex e-con e-child\" data-id=\"e33d32c\" data-element_type=\"container\">\n\t\t\t\t<div class=\"elementor-element elementor-element-e006378 elementor-widget elementor-widget-text-editor\" data-id=\"e006378\" data-element_type=\"widget\" data-widget_type=\"text-editor.default\">\n\t\t\t\t<div class=\"elementor-widget-container\">\n\t\t\t\t\t\t\t\t\t<p style=\"text-align: center;\"><span class=\"WdYUQQ\">d-u\u00f1as te acompa\u00f1a en todos los eventos de la temporada, ahora es tu momento: ceremonias, bautizos, comuniones\u2026 Y muchos m\u00e1s<\/span>.<\/p>\t\t\t\t\t\t\t\t<\/div>\n\t\t\t\t<\/div>\n\t\t\t\t<\/div>\n\t\t\t\t<\/div>\n\t\t<div class=\"elementor-element elementor-element-5197fc3 e-con-full e-flex e-con e-child\" data-id=\"5197fc3\" data-element_type=\"container\">\n\t\t\t\t<div class=\"elementor-element elementor-element-4694ce4 elementor-widget__width-initial elementor-widget elementor-widget-image\" data-id=\"4694ce4\" data-element_type=\"widget\" data-widget_type=\"image.default\">\n\t\t\t\t<div class=\"elementor-widget-container\">\n\t\t\t\t\t\t\t\t\t\t\t\t\t\t\t<img fetchpriority=\"high\" decoding=\"async\" width=\"352\" height=\"307\" src=\"https:\/\/d-unas.com\/es\/wp-content\/uploads\/2025\/11\/Logo-20-aniversario-amarillo.png\" class=\"attachment-medium_large size-medium_large wp-image-26901\" alt=\"\" srcset=\"https:\/\/d-unas.com\/es\/wp-content\/uploads\/2025\/11\/Logo-20-aniversario-amarillo.png 352w, https:\/\/d-unas.com\/es\/wp-content\/uploads\/2025\/11\/Logo-20-aniversario-amarillo-300x262.png 300w\" sizes=\"(max-width: 352px) 100vw, 352px\" \/>\t\t\t\t\t\t\t\t\t\t\t\t\t\t\t<\/div>\n\t\t\t\t<\/div>\n\t\t\t\t<\/div>\n\t\t\t\t<\/div>\n\t\t\t\t<\/div>\n\t\t<div class=\"elementor-element elementor-element-0b98f4c e-con-full e-flex e-con e-parent\" data-id=\"0b98f4c\" data-element_type=\"container\">\n\t\t<div class=\"elementor-element elementor-element-da38c05 e-con-full e-flex e-con e-child\" data-id=\"da38c05\" data-element_type=\"container\">\n\t\t\t\t<div class=\"elementor-element elementor-element-9a9a0c9 elementor-widget elementor-widget-text-editor\" data-id=\"9a9a0c9\" data-element_type=\"widget\" data-widget_type=\"text-editor.default\">\n\t\t\t\t<div class=\"elementor-widget-container\">\n\t\t\t\t\t\t\t\t\t<p style=\"text-align: center;\"><span class=\"JsGRdQ\">En d-u\u00f1as hemos dise\u00f1ado la mejor selecci\u00f3n de servicios para acompa\u00f1arte en los momentos m\u00e1s especiales de la temporada. <\/span><\/p><p>\u00a0<\/p><p style=\"text-align: center;\"><span class=\"JsGRdQ\">Pregunta en tu sal\u00f3n d-u\u00f1as por nuestros packs.<\/span><\/p>\t\t\t\t\t\t\t\t<\/div>\n\t\t\t\t<\/div>\n\t\t\t\t<\/div>\n\t\t\t\t<\/div>\n\t\t<div class=\"elementor-element elementor-element-56f414c e-con-full e-flex e-con e-parent\" data-id=\"56f414c\" data-element_type=\"container\">\n\t\t<div class=\"elementor-element elementor-element-14370e8 e-con-full e-flex e-con e-child\" data-id=\"14370e8\" data-element_type=\"container\">\n\t\t<div class=\"elementor-element elementor-element-f13ac19 e-con-full e-flex e-con e-child\" data-id=\"f13ac19\" data-element_type=\"container\">\n\t\t\t\t<div class=\"elementor-element elementor-element-1310bef elementor-widget elementor-widget-heading\" data-id=\"1310bef\" data-element_type=\"widget\" data-widget_type=\"heading.default\">\n\t\t\t\t<div class=\"elementor-widget-container\">\n\t\t\t\t\t<h3 class=\"elementor-heading-title elementor-size-default\">INVITADA PERFECTA<\/h3>\t\t\t\t<\/div>\n\t\t\t\t<\/div>\n\t\t\t\t<div class=\"elementor-element elementor-element-4b34442 elementor-widget elementor-widget-image\" data-id=\"4b34442\" data-element_type=\"widget\" data-widget_type=\"image.default\">\n\t\t\t\t<div class=\"elementor-widget-container\">\n\t\t\t\t\t\t\t\t\t\t\t\t\t\t\t<img decoding=\"async\" width=\"400\" height=\"400\" src=\"https:\/\/d-unas.com\/es\/wp-content\/uploads\/2025\/11\/invitada-perfecta-bueno-400x400-1.jpg\" class=\"attachment-full size-full wp-image-27864\" alt=\"Eventos\" srcset=\"https:\/\/d-unas.com\/es\/wp-content\/uploads\/2025\/11\/invitada-perfecta-bueno-400x400-1.jpg 400w, https:\/\/d-unas.com\/es\/wp-content\/uploads\/2025\/11\/invitada-perfecta-bueno-400x400-1-100x100.jpg 100w, https:\/\/d-unas.com\/es\/wp-content\/uploads\/2025\/11\/invitada-perfecta-bueno-400x400-1-300x300.jpg 300w, https:\/\/d-unas.com\/es\/wp-content\/uploads\/2025\/11\/invitada-perfecta-bueno-400x400-1-150x150.jpg 150w\" sizes=\"(max-width: 400px) 100vw, 400px\" \/>\t\t\t\t\t\t\t\t\t\t\t\t\t\t\t<\/div>\n\t\t\t\t<\/div>\n\t\t\t\t<div class=\"elementor-element elementor-element-c98220e elementor-widget elementor-widget-heading\" data-id=\"c98220e\" data-element_type=\"widget\" data-widget_type=\"heading.default\">\n\t\t\t\t<div class=\"elementor-widget-container\">\n\t\t\t\t\t<h4 class=\"elementor-heading-title elementor-size-default\">Si\u00e9ntete la mejor invitada de la ceremonia con:<\/h4>\t\t\t\t<\/div>\n\t\t\t\t<\/div>\n\t\t\t\t<div class=\"elementor-element elementor-element-bfc0067 elementor-widget elementor-widget-text-editor\" data-id=\"bfc0067\" data-element_type=\"widget\" data-widget_type=\"text-editor.default\">\n\t\t\t\t<div class=\"elementor-widget-container\">\n\t\t\t\t\t\t\t\t\t<ul><li><span class=\"JsGRdQ\">Manicura con esmaltado permanente.<\/span><\/li><li><span class=\"JsGRdQ\">Pedicura d-u\u00f1as.<\/span><\/li><li><span class=\"JsGRdQ\">Dise\u00f1o de cejas.<\/span><\/li><li><span class=\"JsGRdQ\">Depilaci\u00f3n labio superior.<\/span><\/li><\/ul>\t\t\t\t\t\t\t\t<\/div>\n\t\t\t\t<\/div>\n\t\t\t\t<\/div>\n\t\t<div class=\"elementor-element elementor-element-095ada4 e-con-full e-flex e-con e-child\" data-id=\"095ada4\" data-element_type=\"container\">\n\t\t\t\t<div class=\"elementor-element elementor-element-d7d8b47 elementor-widget elementor-widget-heading\" data-id=\"d7d8b47\" data-element_type=\"widget\" data-widget_type=\"heading.default\">\n\t\t\t\t<div class=\"elementor-widget-container\">\n\t\t\t\t\t<h3 class=\"elementor-heading-title elementor-size-default\">INVITADA ESPECIAL<\/h3>\t\t\t\t<\/div>\n\t\t\t\t<\/div>\n\t\t\t\t<div class=\"elementor-element elementor-element-a4a09e3 elementor-widget elementor-widget-image\" data-id=\"a4a09e3\" data-element_type=\"widget\" data-widget_type=\"image.default\">\n\t\t\t\t<div class=\"elementor-widget-container\">\n\t\t\t\t\t\t\t\t\t\t\t\t\t\t\t<img decoding=\"async\" width=\"400\" height=\"400\" src=\"https:\/\/d-unas.com\/es\/wp-content\/uploads\/2025\/11\/242_D-UNAS-400x400-1.png\" class=\"attachment-full size-full wp-image-27865\" alt=\"Eventos\" srcset=\"https:\/\/d-unas.com\/es\/wp-content\/uploads\/2025\/11\/242_D-UNAS-400x400-1.png 400w, https:\/\/d-unas.com\/es\/wp-content\/uploads\/2025\/11\/242_D-UNAS-400x400-1-100x100.png 100w, https:\/\/d-unas.com\/es\/wp-content\/uploads\/2025\/11\/242_D-UNAS-400x400-1-300x300.png 300w, https:\/\/d-unas.com\/es\/wp-content\/uploads\/2025\/11\/242_D-UNAS-400x400-1-150x150.png 150w\" sizes=\"(max-width: 400px) 100vw, 400px\" \/>\t\t\t\t\t\t\t\t\t\t\t\t\t\t\t<\/div>\n\t\t\t\t<\/div>\n\t\t\t\t<div class=\"elementor-element elementor-element-e62f0c9 elementor-widget elementor-widget-heading\" data-id=\"e62f0c9\" data-element_type=\"widget\" data-widget_type=\"heading.default\">\n\t\t\t\t<div class=\"elementor-widget-container\">\n\t\t\t\t\t<h4 class=\"elementor-heading-title elementor-size-default\">Radiante en tu evento de ocasi\u00f3n:<\/h4>\t\t\t\t<\/div>\n\t\t\t\t<\/div>\n\t\t\t\t<div class=\"elementor-element elementor-element-148c198 elementor-widget elementor-widget-text-editor\" data-id=\"148c198\" data-element_type=\"widget\" data-widget_type=\"text-editor.default\">\n\t\t\t\t<div class=\"elementor-widget-container\">\n\t\t\t\t\t\t\t\t\t<ul><li><span class=\"JsGRdQ\">Manicura y pedicura con esmaltado permanente.<\/span><\/li><li><span class=\"JsGRdQ\">Lifting y tinte de pesta\u00f1as.<\/span><\/li><\/ul>\t\t\t\t\t\t\t\t<\/div>\n\t\t\t\t<\/div>\n\t\t\t\t<\/div>\n\t\t<div class=\"elementor-element elementor-element-684e3a4 e-con-full e-flex e-con e-child\" data-id=\"684e3a4\" data-element_type=\"container\">\n\t\t\t\t<div class=\"elementor-element elementor-element-6d58561 elementor-widget elementor-widget-heading\" data-id=\"6d58561\" data-element_type=\"widget\" data-widget_type=\"heading.default\">\n\t\t\t\t<div class=\"elementor-widget-container\">\n\t\t\t\t\t<h3 class=\"elementor-heading-title elementor-size-default\">NOVIA IDEAL<\/h3>\t\t\t\t<\/div>\n\t\t\t\t<\/div>\n\t\t\t\t<div class=\"elementor-element elementor-element-007aa2a elementor-widget elementor-widget-image\" data-id=\"007aa2a\" data-element_type=\"widget\" data-widget_type=\"image.default\">\n\t\t\t\t<div class=\"elementor-widget-container\">\n\t\t\t\t\t\t\t\t\t\t\t\t\t\t\t<img loading=\"lazy\" decoding=\"async\" width=\"400\" height=\"400\" src=\"https:\/\/d-unas.com\/es\/wp-content\/uploads\/2025\/11\/novia-ideal-400x400-1.png\" class=\"attachment-full size-full wp-image-27866\" alt=\"Eventos\" srcset=\"https:\/\/d-unas.com\/es\/wp-content\/uploads\/2025\/11\/novia-ideal-400x400-1.png 400w, https:\/\/d-unas.com\/es\/wp-content\/uploads\/2025\/11\/novia-ideal-400x400-1-100x100.png 100w, https:\/\/d-unas.com\/es\/wp-content\/uploads\/2025\/11\/novia-ideal-400x400-1-300x300.png 300w, https:\/\/d-unas.com\/es\/wp-content\/uploads\/2025\/11\/novia-ideal-400x400-1-150x150.png 150w\" sizes=\"(max-width: 400px) 100vw, 400px\" \/>\t\t\t\t\t\t\t\t\t\t\t\t\t\t\t<\/div>\n\t\t\t\t<\/div>\n\t\t\t\t<div class=\"elementor-element elementor-element-23e6ca9 elementor-widget elementor-widget-heading\" data-id=\"23e6ca9\" data-element_type=\"widget\" data-widget_type=\"heading.default\">\n\t\t\t\t<div class=\"elementor-widget-container\">\n\t\t\t\t\t<h4 class=\"elementor-heading-title elementor-size-default\">Te preparamos para tu d\u00eda m\u00e1s especial, deslumbra con:<\/h4>\t\t\t\t<\/div>\n\t\t\t\t<\/div>\n\t\t\t\t<div class=\"elementor-element elementor-element-16361a5 elementor-widget elementor-widget-text-editor\" data-id=\"16361a5\" data-element_type=\"widget\" data-widget_type=\"text-editor.default\">\n\t\t\t\t<div class=\"elementor-widget-container\">\n\t\t\t\t\t\t\t\t\t<ul><li><span class=\"JsGRdQ\">U\u00f1as esculpidas y pedicura con esmaltado permanente<\/span><span class=\"JsGRdQ\">.<\/span><\/li><li><span class=\"JsGRdQ\">Pesta\u00f1as Hollywood\u00a0<\/span>(hasta 40 pelos).<\/li><li><span class=\"JsGRdQ\">Pack facial medium: (limpieza + tratamiento +\u00a0<\/span>1 sesi\u00f3n de mesoterapia).<\/li><\/ul>\t\t\t\t\t\t\t\t<\/div>\n\t\t\t\t<\/div>\n\t\t\t\t<\/div>\n\t\t\t\t<\/div>\n\t\t\t\t<\/div>\n\t\t<div class=\"elementor-element elementor-element-a973fcc e-flex e-con-boxed e-con e-parent\" data-id=\"a973fcc\" data-element_type=\"container\">\n\t\t\t\t\t<div class=\"e-con-inner\">\n\t\t<div class=\"elementor-element elementor-element-bee16c7 e-con-full e-flex e-con e-child\" data-id=\"bee16c7\" data-element_type=\"container\">\n\t\t\t\t<div class=\"elementor-element elementor-element-c7fe0c5 elementor-widget elementor-widget-image\" data-id=\"c7fe0c5\" data-element_type=\"widget\" data-widget_type=\"image.default\">\n\t\t\t\t<div class=\"elementor-widget-container\">\n\t\t\t\t\t\t\t\t\t\t\t\t\t\t\t\t<a href=\"https:\/\/www.d-unas.com\/producto\/tarjeta-regalo-digital\/\">\n\t\t\t\t\t\t\t<img loading=\"lazy\" decoding=\"async\" width=\"580\" height=\"464\" src=\"https:\/\/d-unas.com\/es\/wp-content\/uploads\/2026\/02\/WhatsApp-Image-2025-11-28-at-13.55.16-768x615.jpeg\" class=\"attachment-medium_large size-medium_large wp-image-28495\" alt=\"Eventos\" srcset=\"https:\/\/d-unas.com\/es\/wp-content\/uploads\/2026\/02\/WhatsApp-Image-2025-11-28-at-13.55.16-768x615.jpeg 768w, https:\/\/d-unas.com\/es\/wp-content\/uploads\/2026\/02\/WhatsApp-Image-2025-11-28-at-13.55.16-600x481.jpeg 600w, https:\/\/d-unas.com\/es\/wp-content\/uploads\/2026\/02\/WhatsApp-Image-2025-11-28-at-13.55.16-300x240.jpeg 300w, https:\/\/d-unas.com\/es\/wp-content\/uploads\/2026\/02\/WhatsApp-Image-2025-11-28-at-13.55.16.jpeg 900w\" sizes=\"(max-width: 580px) 100vw, 580px\" \/>\t\t\t\t\t\t\t\t<\/a>\n\t\t\t\t\t\t\t\t\t\t\t\t\t\t\t<\/div>\n\t\t\t\t<\/div>\n\t\t\t\t<\/div>\n\t\t<div class=\"elementor-element elementor-element-d819e97 e-con-full e-flex e-con e-child\" data-id=\"d819e97\" data-element_type=\"container\">\n\t\t\t\t<div class=\"elementor-element elementor-element-5b5be45 elementor-widget elementor-widget-heading\" data-id=\"5b5be45\" data-element_type=\"widget\" data-widget_type=\"heading.default\">\n\t\t\t\t<div class=\"elementor-widget-container\">\n\t\t\t\t\t<h3 class=\"elementor-heading-title elementor-size-default\">Tarjeta regalo digital<\/h3>\t\t\t\t<\/div>\n\t\t\t\t<\/div>\n\t\t\t\t<div class=\"elementor-element elementor-element-380d9fc elementor-widget elementor-widget-heading\" data-id=\"380d9fc\" data-element_type=\"widget\" data-widget_type=\"heading.default\">\n\t\t\t\t<div class=\"elementor-widget-container\">\n\t\t\t\t\t<h3 class=\"elementor-heading-title elementor-size-default\">Si no te decides entre cu\u00e1l de todos nuestros servicios regalar\u2026 \u00a1este es el regalo perfecto!\n\nCompra la tarjeta regalo en d-unas.com.\n\nSelecciona el importe entre 20\u20ac y 500\u20ac.\n\nLa Tarjeta Regalo se env\u00eda por correo electr\u00f3nico a la persona que nos indiques.<\/h3>\t\t\t\t<\/div>\n\t\t\t\t<\/div>\n\t\t\t\t<div class=\"elementor-element elementor-element-4a8674c elementor-widget elementor-widget-text-editor\" data-id=\"4a8674c\" data-element_type=\"widget\" data-widget_type=\"text-editor.default\">\n\t\t\t\t<div class=\"elementor-widget-container\">\n\t\t\t\t\t\t\t\t\t<p><strong><span style=\"color: #ffcc00;\"><a style=\"color: #ffcc00;\" href=\"https:\/\/www.d-unas.com\/producto\/tarjeta-regalo-digital\/\">M\u00c1S INFORMACI\u00d3N<\/a><\/span><\/strong><\/p>\t\t\t\t\t\t\t\t<\/div>\n\t\t\t\t<\/div>\n\t\t\t\t<\/div>\n\t\t\t\t\t<\/div>\n\t\t\t\t<\/div>\n\t\t\t\t<\/div>\n\t\t","protected":false},"excerpt":{"rendered":"<p>Eventos RESERVA Es un d\u00eda especial y estamos contigo. d-u\u00f1as te acompa\u00f1a en todos los eventos de la temporada, ahora es tu momento: ceremonias, bautizos, comuniones\u2026 Y muchos m\u00e1s. En d-u\u00f1as hemos dise\u00f1ado la mejor selecci\u00f3n de servicios para acompa\u00f1arte en los momentos m\u00e1s especiales de la temporada. \u00a0 Pregunta en tu sal\u00f3n d-u\u00f1as por [&hellip;]<\/p>\n","protected":false},"author":1,"featured_media":0,"parent":0,"menu_order":0,"comment_status":"closed","ping_status":"closed","template":"elementor_header_footer","meta":{"content-type":"","footnotes":""},"class_list":["post-27855","page","type-page","status-publish","hentry"],"yoast_head":"<!-- This site is optimized with the Yoast SEO plugin v26.8 - https:\/\/yoast.com\/product\/yoast-seo-wordpress\/ -->\n<title>Eventos - d-u\u00f1as<\/title>\n<meta name=\"description\" content=\"d-u\u00f1as te acompa\u00f1a en todos los eventos de la temporada, ahora es tu momento: ceremonias, bautizos, comuniones\u2026 Y muchos m\u00e1s.\" \/>\n<meta name=\"robots\" content=\"index, follow, max-snippet:-1, max-image-preview:large, max-video-preview:-1\" \/>\n<link rel=\"canonical\" href=\"https:\/\/d-unas.com\/es\/eventos\/\" \/>\n<meta property=\"og:locale\" content=\"es_ES\" \/>\n<meta property=\"og:type\" content=\"article\" \/>\n<meta property=\"og:title\" content=\"Eventos - d-u\u00f1as\" \/>\n<meta property=\"og:description\" content=\"d-u\u00f1as te acompa\u00f1a en todos los eventos de la temporada, ahora es tu momento: ceremonias, bautizos, comuniones\u2026 Y muchos m\u00e1s.\" \/>\n<meta property=\"og:url\" content=\"https:\/\/d-unas.com\/es\/eventos\/\" \/>\n<meta property=\"og:site_name\" content=\"d-unas\" \/>\n<meta property=\"article:modified_time\" content=\"2026-02-10T00:39:41+00:00\" \/>\n<meta property=\"og:image\" content=\"https:\/\/d-unas.com\/es\/wp-content\/uploads\/2025\/11\/Logo-20-aniversario-amarillo.png\" \/>\n\t<meta property=\"og:image:width\" content=\"352\" \/>\n\t<meta property=\"og:image:height\" content=\"307\" \/>\n\t<meta property=\"og:image:type\" content=\"image\/png\" \/>\n<meta name=\"twitter:card\" content=\"summary_large_image\" \/>\n<meta name=\"twitter:label1\" content=\"Tiempo de lectura\" \/>\n\t<meta name=\"twitter:data1\" content=\"2 minutos\" \/>\n<script type=\"application\/ld+json\" class=\"yoast-schema-graph\">{\"@context\":\"https:\/\/schema.org\",\"@graph\":[{\"@type\":\"WebPage\",\"@id\":\"https:\/\/d-unas.com\/es\/eventos\/\",\"url\":\"https:\/\/d-unas.com\/es\/eventos\/\",\"name\":\"Eventos - d-u\u00f1as\",\"isPartOf\":{\"@id\":\"https:\/\/d-unas.com\/es\/#website\"},\"primaryImageOfPage\":{\"@id\":\"https:\/\/d-unas.com\/es\/eventos\/#primaryimage\"},\"image\":{\"@id\":\"https:\/\/d-unas.com\/es\/eventos\/#primaryimage\"},\"thumbnailUrl\":\"https:\/\/d-unas.com\/es\/wp-content\/uploads\/2025\/11\/Logo-20-aniversario-amarillo.png\",\"datePublished\":\"2025-11-20T22:28:17+00:00\",\"dateModified\":\"2026-02-10T00:39:41+00:00\",\"description\":\"d-u\u00f1as te acompa\u00f1a en todos los eventos de la temporada, ahora es tu momento: ceremonias, bautizos, comuniones\u2026 Y muchos m\u00e1s.\",\"breadcrumb\":{\"@id\":\"https:\/\/d-unas.com\/es\/eventos\/#breadcrumb\"},\"inLanguage\":\"es\",\"potentialAction\":[{\"@type\":\"ReadAction\",\"target\":[\"https:\/\/d-unas.com\/es\/eventos\/\"]}]},{\"@type\":\"ImageObject\",\"inLanguage\":\"es\",\"@id\":\"https:\/\/d-unas.com\/es\/eventos\/#primaryimage\",\"url\":\"https:\/\/d-unas.com\/es\/wp-content\/uploads\/2025\/11\/Logo-20-aniversario-amarillo.png\",\"contentUrl\":\"https:\/\/d-unas.com\/es\/wp-content\/uploads\/2025\/11\/Logo-20-aniversario-amarillo.png\",\"width\":352,\"height\":307},{\"@type\":\"BreadcrumbList\",\"@id\":\"https:\/\/d-unas.com\/es\/eventos\/#breadcrumb\",\"itemListElement\":[{\"@type\":\"ListItem\",\"position\":1,\"name\":\"Portada\",\"item\":\"https:\/\/d-unas.com\/es\/\"},{\"@type\":\"ListItem\",\"position\":2,\"name\":\"Eventos\"}]},{\"@type\":\"WebSite\",\"@id\":\"https:\/\/d-unas.com\/es\/#website\",\"url\":\"https:\/\/d-unas.com\/es\/\",\"name\":\"d-unas\",\"description\":\"\",\"publisher\":{\"@id\":\"https:\/\/d-unas.com\/es\/#organization\"},\"potentialAction\":[{\"@type\":\"SearchAction\",\"target\":{\"@type\":\"EntryPoint\",\"urlTemplate\":\"https:\/\/d-unas.com\/es\/?s={search_term_string}\"},\"query-input\":{\"@type\":\"PropertyValueSpecification\",\"valueRequired\":true,\"valueName\":\"search_term_string\"}}],\"inLanguage\":\"es\"},{\"@type\":\"Organization\",\"@id\":\"https:\/\/d-unas.com\/es\/#organization\",\"name\":\"d-unas\",\"url\":\"https:\/\/d-unas.com\/es\/\",\"logo\":{\"@type\":\"ImageObject\",\"inLanguage\":\"es\",\"@id\":\"https:\/\/d-unas.com\/es\/#\/schema\/logo\/image\/\",\"url\":\"https:\/\/d-unas.com\/es\/wp-content\/uploads\/2024\/12\/LOGO-D-UNAS.png\",\"contentUrl\":\"https:\/\/d-unas.com\/es\/wp-content\/uploads\/2024\/12\/LOGO-D-UNAS.png\",\"width\":349,\"height\":97,\"caption\":\"d-unas\"},\"image\":{\"@id\":\"https:\/\/d-unas.com\/es\/#\/schema\/logo\/image\/\"}}]}<\/script>\n<!-- \/ Yoast SEO plugin. -->","yoast_head_json":{"title":"Eventos - d-u\u00f1as","description":"d-u\u00f1as te acompa\u00f1a en todos los eventos de la temporada, ahora es tu momento: ceremonias, bautizos, comuniones\u2026 Y muchos m\u00e1s.","robots":{"index":"index","follow":"follow","max-snippet":"max-snippet:-1","max-image-preview":"max-image-preview:large","max-video-preview":"max-video-preview:-1"},"canonical":"https:\/\/d-unas.com\/es\/eventos\/","og_locale":"es_ES","og_type":"article","og_title":"Eventos - d-u\u00f1as","og_description":"d-u\u00f1as te acompa\u00f1a en todos los eventos de la temporada, ahora es tu momento: ceremonias, bautizos, comuniones\u2026 Y muchos m\u00e1s.","og_url":"https:\/\/d-unas.com\/es\/eventos\/","og_site_name":"d-unas","article_modified_time":"2026-02-10T00:39:41+00:00","og_image":[{"width":352,"height":307,"url":"https:\/\/d-unas.com\/es\/wp-content\/uploads\/2025\/11\/Logo-20-aniversario-amarillo.png","type":"image\/png"}],"twitter_card":"summary_large_image","twitter_misc":{"Tiempo de lectura":"2 minutos"},"schema":{"@context":"https:\/\/schema.org","@graph":[{"@type":"WebPage","@id":"https:\/\/d-unas.com\/es\/eventos\/","url":"https:\/\/d-unas.com\/es\/eventos\/","name":"Eventos - d-u\u00f1as","isPartOf":{"@id":"https:\/\/d-unas.com\/es\/#website"},"primaryImageOfPage":{"@id":"https:\/\/d-unas.com\/es\/eventos\/#primaryimage"},"image":{"@id":"https:\/\/d-unas.com\/es\/eventos\/#primaryimage"},"thumbnailUrl":"https:\/\/d-unas.com\/es\/wp-content\/uploads\/2025\/11\/Logo-20-aniversario-amarillo.png","datePublished":"2025-11-20T22:28:17+00:00","dateModified":"2026-02-10T00:39:41+00:00","description":"d-u\u00f1as te acompa\u00f1a en todos los eventos de la temporada, ahora es tu momento: ceremonias, bautizos, comuniones\u2026 Y muchos m\u00e1s.","breadcrumb":{"@id":"https:\/\/d-unas.com\/es\/eventos\/#breadcrumb"},"inLanguage":"es","potentialAction":[{"@type":"ReadAction","target":["https:\/\/d-unas.com\/es\/eventos\/"]}]},{"@type":"ImageObject","inLanguage":"es","@id":"https:\/\/d-unas.com\/es\/eventos\/#primaryimage","url":"https:\/\/d-unas.com\/es\/wp-content\/uploads\/2025\/11\/Logo-20-aniversario-amarillo.png","contentUrl":"https:\/\/d-unas.com\/es\/wp-content\/uploads\/2025\/11\/Logo-20-aniversario-amarillo.png","width":352,"height":307},{"@type":"BreadcrumbList","@id":"https:\/\/d-unas.com\/es\/eventos\/#breadcrumb","itemListElement":[{"@type":"ListItem","position":1,"name":"Portada","item":"https:\/\/d-unas.com\/es\/"},{"@type":"ListItem","position":2,"name":"Eventos"}]},{"@type":"WebSite","@id":"https:\/\/d-unas.com\/es\/#website","url":"https:\/\/d-unas.com\/es\/","name":"d-unas","description":"","publisher":{"@id":"https:\/\/d-unas.com\/es\/#organization"},"potentialAction":[{"@type":"SearchAction","target":{"@type":"EntryPoint","urlTemplate":"https:\/\/d-unas.com\/es\/?s={search_term_string}"},"query-input":{"@type":"PropertyValueSpecification","valueRequired":true,"valueName":"search_term_string"}}],"inLanguage":"es"},{"@type":"Organization","@id":"https:\/\/d-unas.com\/es\/#organization","name":"d-unas","url":"https:\/\/d-unas.com\/es\/","logo":{"@type":"ImageObject","inLanguage":"es","@id":"https:\/\/d-unas.com\/es\/#\/schema\/logo\/image\/","url":"https:\/\/d-unas.com\/es\/wp-content\/uploads\/2024\/12\/LOGO-D-UNAS.png","contentUrl":"https:\/\/d-unas.com\/es\/wp-content\/uploads\/2024\/12\/LOGO-D-UNAS.png","width":349,"height":97,"caption":"d-unas"},"image":{"@id":"https:\/\/d-unas.com\/es\/#\/schema\/logo\/image\/"}}]}},"_links":{"self":[{"href":"https:\/\/d-unas.com\/es\/wp-json\/wp\/v2\/pages\/27855","targetHints":{"allow":["GET"]}}],"collection":[{"href":"https:\/\/d-unas.com\/es\/wp-json\/wp\/v2\/pages"}],"about":[{"href":"https:\/\/d-unas.com\/es\/wp-json\/wp\/v2\/types\/page"}],"author":[{"embeddable":true,"href":"https:\/\/d-unas.com\/es\/wp-json\/wp\/v2\/users\/1"}],"replies":[{"embeddable":true,"href":"https:\/\/d-unas.com\/es\/wp-json\/wp\/v2\/comments?post=27855"}],"version-history":[{"count":37,"href":"https:\/\/d-unas.com\/es\/wp-json\/wp\/v2\/pages\/27855\/revisions"}],"predecessor-version":[{"id":28522,"href":"https:\/\/d-unas.com\/es\/wp-json\/wp\/v2\/pages\/27855\/revisions\/28522"}],"wp:attachment":[{"href":"https:\/\/d-unas.com\/es\/wp-json\/wp\/v2\/media?parent=27855"}],"curies":[{"name":"wp","href":"https:\/\/api.w.org\/{rel}","templated":true}]}}