{"id":28406,"date":"2025-12-24T00:23:14","date_gmt":"2025-12-23T23:23:14","guid":{"rendered":"https:\/\/d-unas.com\/es\/?page_id=28406"},"modified":"2026-03-27T11:49:29","modified_gmt":"2026-03-27T10:49:29","slug":"politica-de-cookies","status":"publish","type":"page","link":"https:\/\/d-unas.com\/es\/politica-de-cookies\/","title":{"rendered":"Pol\u00edtica de Cookies"},"content":{"rendered":"\t\t<div data-elementor-type=\"wp-post\" data-elementor-id=\"28406\" class=\"elementor elementor-28406\" data-elementor-post-type=\"page\">\n\t\t\t\t<div class=\"elementor-element elementor-element-c8cd4a5 e-con-full elementor-hidden-tablet elementor-hidden-mobile e-flex e-con e-parent\" data-id=\"c8cd4a5\" data-element_type=\"container\" data-settings=\"{&quot;background_background&quot;:&quot;classic&quot;}\">\n\t\t<div class=\"elementor-element elementor-element-0cadef7 e-flex e-con-boxed e-con e-child\" data-id=\"0cadef7\" data-element_type=\"container\">\n\t\t\t\t\t<div class=\"e-con-inner\">\n\t\t<div class=\"elementor-element elementor-element-3350166 e-con-full e-flex e-con e-child\" data-id=\"3350166\" data-element_type=\"container\">\n\t\t\t\t<div class=\"elementor-element elementor-element-3aa918d elementor-widget elementor-widget-heading\" data-id=\"3aa918d\" data-element_type=\"widget\" data-widget_type=\"heading.default\">\n\t\t\t\t<div class=\"elementor-widget-container\">\n\t\t\t\t\t<h1 class=\"elementor-heading-title elementor-size-default\">Pol\u00edtica de Cookies y Almacenamiento Local<\/h1>\t\t\t\t<\/div>\n\t\t\t\t<\/div>\n\t\t\t\t<div class=\"elementor-element elementor-element-1f54c4b elementor-widget elementor-widget-heading\" data-id=\"1f54c4b\" data-element_type=\"widget\" data-widget_type=\"heading.default\">\n\t\t\t\t<div class=\"elementor-widget-container\">\n\t\t\t\t\t<h2 class=\"elementor-heading-title elementor-size-default\">Informaci\u00f3n sobre el tratamiento:<\/h2>\t\t\t\t<\/div>\n\t\t\t\t<\/div>\n\t\t\t\t<div class=\"elementor-element elementor-element-939ca54 elementor-widget elementor-widget-text-editor\" data-id=\"939ca54\" data-element_type=\"widget\" data-widget_type=\"text-editor.default\">\n\t\t\t\t<div class=\"elementor-widget-container\">\n\t\t\t\t\t\t\t\t\t<h1>POL\u00cdTICA DE COOKIES<\/h1><h2>1. IDENTIFICACI\u00d3N DEL TITULAR<\/h2><p>En cumplimiento de la normativa vigente, se informa que el titular del presente sitio web es:<\/p><ul><li><p><strong>Benzaquen 2, S.L.<\/strong><\/p><\/li><li><p>CIF: B92601830<\/p><\/li><li><p>Domicilio: Avenida Somosierra 12, portal A, 2\u00aa planta, Oficina H, San Sebasti\u00e1n de los Reyes, Madrid, Espa\u00f1a<\/p><\/li><li><p>Tel\u00e9fono: 952283446<\/p><\/li><li><p>Correo electr\u00f3nico: <a href=\"mailto:info@d-unas.com\">info@d-unas.com<\/a><\/p><\/li><\/ul><h2>2. \u00bfQU\u00c9 SON LAS COOKIES?<\/h2><p>Las cookies son peque\u00f1os archivos de texto que se descargan en el dispositivo del usuario (ordenador, smartphone o tablet) al acceder a determinados sitios web. Permiten almacenar y recuperar informaci\u00f3n sobre la navegaci\u00f3n realizada desde dicho dispositivo y, dependiendo de la informaci\u00f3n que contengan, pueden utilizarse para reconocer al usuario.<\/p><h2>3. TIPOS DE COOKIES UTILIZADAS<\/h2><p>Este sitio web utiliza cookies propias y de terceros con las siguientes finalidades:<\/p><h3>a) Cookies t\u00e9cnicas o necesarias<\/h3><p>Permiten al usuario la navegaci\u00f3n a trav\u00e9s de la p\u00e1gina web y la utilizaci\u00f3n de las diferentes opciones o servicios que en ella existen, como identificar la sesi\u00f3n, acceder a \u00e1reas restringidas o gestionar el proceso de compra.<br \/>Estas cookies no requieren consentimiento.<\/p><h3>b) Cookies de personalizaci\u00f3n<\/h3><p>Permiten recordar informaci\u00f3n para que el usuario acceda al servicio con determinadas caracter\u00edsticas (como el idioma o la configuraci\u00f3n regional).<\/p><h3>c) Cookies de an\u00e1lisis<\/h3><p>Permiten cuantificar el n\u00famero de usuarios y realizar la medici\u00f3n y an\u00e1lisis del comportamiento de los usuarios del sitio web con el fin de mejorar los servicios ofrecidos.<\/p><h3>d) Cookies publicitarias y de marketing<\/h3><p>Permiten gestionar los espacios publicitarios y mostrar anuncios personalizados en funci\u00f3n de los h\u00e1bitos de navegaci\u00f3n del usuario.<\/p><h2>4. COOKIES DE TERCEROS<\/h2><p>Este sitio web utiliza servicios de terceros que pueden instalar cookies en el dispositivo del usuario, entre ellos:<\/p><ul><li><p>Google LLC (Google Analytics, Google Ads, Google Maps)<\/p><\/li><li><p>Meta Platforms (Facebook e Instagram Ads)<\/p><\/li><li><p>YouTube (contenido multimedia)<\/p><\/li><li><p>HubSpot (gesti\u00f3n de formularios y an\u00e1lisis de leads)<\/p><\/li><\/ul><p>Estos terceros pueden tratar los datos obtenidos y, en algunos casos, realizar transferencias internacionales de datos fuera del Espacio Econ\u00f3mico Europeo.<\/p><h2>5. BASE LEGAL<\/h2><p>La base jur\u00eddica para el tratamiento de datos mediante cookies es:<\/p><ul><li><p><strong>Inter\u00e9s leg\u00edtimo<\/strong>: para cookies t\u00e9cnicas o necesarias<\/p><\/li><li><p><strong>Consentimiento del usuario<\/strong>: para cookies anal\u00edticas, publicitarias o de terceros<\/p><\/li><\/ul><p>El consentimiento se obtiene a trav\u00e9s del banner de cookies al acceder al sitio web.<\/p><h2>6. PLAZO DE CONSERVACI\u00d3N<\/h2><p>Las cookies se almacenar\u00e1n durante el tiempo necesario para cumplir con su finalidad:<\/p><ul><li><p>Cookies de sesi\u00f3n: se eliminan al cerrar el navegador<\/p><\/li><li><p>Cookies persistentes: pueden mantenerse durante un periodo m\u00e1ximo de hasta 24 meses<\/p><\/li><\/ul><h2>7. GESTI\u00d3N Y CONFIGURACI\u00d3N DE COOKIES<\/h2><p>El usuario puede configurar, bloquear o eliminar las cookies en cualquier momento a trav\u00e9s del banner de configuraci\u00f3n disponible en el sitio web o mediante la configuraci\u00f3n de su navegador:<\/p><ul><li><p>Google Chrome<\/p><\/li><li><p>Mozilla Firefox<\/p><\/li><li><p>Microsoft Edge<\/p><\/li><li><p>Safari<\/p><\/li><\/ul><p>La desactivaci\u00f3n de cookies puede afectar al correcto funcionamiento del sitio web.<\/p><h2>8. DERECHOS DEL USUARIO<\/h2><p>El usuario puede ejercer los siguientes derechos:<\/p><ul><li><p>Acceso a sus datos personales<\/p><\/li><li><p>Rectificaci\u00f3n de datos inexactos<\/p><\/li><li><p>Supresi\u00f3n de sus datos<\/p><\/li><li><p>Limitaci\u00f3n del tratamiento<\/p><\/li><li><p>Portabilidad de los datos<\/p><\/li><li><p>Oposici\u00f3n al tratamiento<\/p><\/li><\/ul><p>Asimismo, tiene derecho a presentar una reclamaci\u00f3n ante la:<\/p><ul><li><p>Agencia Espa\u00f1ola de Protecci\u00f3n de Datos<\/p><\/li><\/ul><h2>9. ACTUALIZACIONES DE LA POL\u00cdTICA<\/h2><p>La presente Pol\u00edtica de Cookies puede ser actualizada en funci\u00f3n de cambios legislativos o t\u00e9cnicos. Se recomienda revisar peri\u00f3dicamente esta pol\u00edtica.<\/p>\t\t\t\t\t\t\t\t<\/div>\n\t\t\t\t<\/div>\n\t\t\t\t<\/div>\n\t\t\t\t\t<\/div>\n\t\t\t\t<\/div>\n\t\t\t\t<\/div>\n\t\t<div class=\"elementor-element elementor-element-fdba3d4 e-flex e-con-boxed e-con e-parent\" data-id=\"fdba3d4\" data-element_type=\"container\" data-settings=\"{&quot;sticky&quot;:&quot;bottom&quot;,&quot;background_background&quot;:&quot;classic&quot;,&quot;sticky_on&quot;:[&quot;desktop&quot;,&quot;tablet&quot;,&quot;mobile&quot;],&quot;sticky_offset&quot;:0,&quot;sticky_effects_offset&quot;:0,&quot;sticky_anchor_link_offset&quot;:0}\">\n\t\t\t\t\t<div class=\"e-con-inner\">\n\t\t\t\t<div class=\"elementor-element elementor-element-afc3b77 elementor-align-right elementor-widget elementor-widget-button\" data-id=\"afc3b77\" data-element_type=\"widget\" data-widget_type=\"button.default\">\n\t\t\t\t<div class=\"elementor-widget-container\">\n\t\t\t\t\t\t\t\t\t<div class=\"elementor-button-wrapper\">\n\t\t\t\t\t<a class=\"elementor-button elementor-button-link elementor-size-sm\" href=\"https:\/\/wa.me\/0034693813966?text=Quiero%20informaci\u00f3n%20sobre%20franquicias\" target=\"_blank\" id=\"whatsapp\">\n\t\t\t\t\t\t<span class=\"elementor-button-content-wrapper\">\n\t\t\t\t\t\t<span class=\"elementor-button-icon\">\n\t\t\t\t<svg aria-hidden=\"true\" class=\"e-font-icon-svg e-fab-whatsapp\" viewBox=\"0 0 448 512\" xmlns=\"http:\/\/www.w3.org\/2000\/svg\"><path d=\"M380.9 97.1C339 55.1 283.2 32 223.9 32c-122.4 0-222 99.6-222 222 0 39.1 10.2 77.3 29.6 111L0 480l117.7-30.9c32.4 17.7 68.9 27 106.1 27h.1c122.3 0 224.1-99.6 224.1-222 0-59.3-25.2-115-67.1-157zm-157 341.6c-33.2 0-65.7-8.9-94-25.7l-6.7-4-69.8 18.3L72 359.2l-4.4-7c-18.5-29.4-28.2-63.3-28.2-98.2 0-101.7 82.8-184.5 184.6-184.5 49.3 0 95.6 19.2 130.4 54.1 34.8 34.9 56.2 81.2 56.1 130.5 0 101.8-84.9 184.6-186.6 184.6zm101.2-138.2c-5.5-2.8-32.8-16.2-37.9-18-5.1-1.9-8.8-2.8-12.5 2.8-3.7 5.6-14.3 18-17.6 21.8-3.2 3.7-6.5 4.2-12 1.4-32.6-16.3-54-29.1-75.5-66-5.7-9.8 5.7-9.1 16.3-30.3 1.8-3.7.9-6.9-.5-9.7-1.4-2.8-12.5-30.1-17.1-41.2-4.5-10.8-9.1-9.3-12.5-9.5-3.2-.2-6.9-.2-10.6-.2-3.7 0-9.7 1.4-14.8 6.9-5.1 5.6-19.4 19-19.4 46.3 0 27.3 19.9 53.7 22.6 57.4 2.8 3.7 39.1 59.7 94.8 83.8 35.2 15.2 49 16.5 66.6 13.9 10.7-1.6 32.8-13.4 37.4-26.4 4.6-13 4.6-24.1 3.2-26.4-1.3-2.5-5-3.9-10.5-6.6z\"><\/path><\/svg>\t\t\t<\/span>\n\t\t\t\t\t\t\t\t<\/span>\n\t\t\t\t\t<\/a>\n\t\t\t\t<\/div>\n\t\t\t\t\t\t\t\t<\/div>\n\t\t\t\t<\/div>\n\t\t\t\t\t<\/div>\n\t\t\t\t<\/div>\n\t\t\t\t<\/div>\n\t\t","protected":false},"excerpt":{"rendered":"<p>Pol\u00edtica de Cookies y Almacenamiento Local Informaci\u00f3n sobre el tratamiento: POL\u00cdTICA DE COOKIES 1. IDENTIFICACI\u00d3N DEL TITULAR En cumplimiento de la normativa vigente, se informa que el titular del presente sitio web es: Benzaquen 2, S.L. CIF: B92601830 Domicilio: Avenida Somosierra 12, portal A, 2\u00aa planta, Oficina H, San Sebasti\u00e1n de los Reyes, Madrid, Espa\u00f1a [&hellip;]<\/p>\n","protected":false},"author":1,"featured_media":0,"parent":0,"menu_order":0,"comment_status":"closed","ping_status":"closed","template":"elementor_header_footer","meta":{"content-type":"","footnotes":""},"class_list":["post-28406","page","type-page","status-publish","hentry"],"yoast_head":"<!-- This site is optimized with the Yoast SEO plugin v26.8 - https:\/\/yoast.com\/product\/yoast-seo-wordpress\/ -->\n<title>Franquicia de u\u00f1as - Franquicias d-u\u00f1as<\/title>\n<meta name=\"description\" content=\"\u00danete a la Franquicia L\u00edder. Invierte en tu propio negocio. Una franquicia de u\u00f1as es una franquicia rentable.\" \/>\n<meta name=\"robots\" content=\"index, follow, max-snippet:-1, max-image-preview:large, max-video-preview:-1\" \/>\n<link rel=\"canonical\" href=\"https:\/\/d-unas.com\/es\/politica-de-cookies\/\" \/>\n<meta property=\"og:locale\" content=\"es_ES\" \/>\n<meta property=\"og:type\" content=\"article\" \/>\n<meta property=\"og:title\" content=\"Franquicia de u\u00f1as - Franquicias d-u\u00f1as\" \/>\n<meta property=\"og:description\" content=\"\u00danete a la Franquicia L\u00edder. Invierte en tu propio negocio. Una franquicia de u\u00f1as es una franquicia rentable.\" \/>\n<meta property=\"og:url\" content=\"https:\/\/d-unas.com\/es\/politica-de-cookies\/\" \/>\n<meta property=\"og:site_name\" content=\"d-unas\" \/>\n<meta property=\"article:modified_time\" content=\"2026-03-27T10:49:29+00:00\" \/>\n<meta name=\"twitter:card\" content=\"summary_large_image\" \/>\n<meta name=\"twitter:label1\" content=\"Tiempo de lectura\" \/>\n\t<meta name=\"twitter:data1\" content=\"3 minutos\" \/>\n<script type=\"application\/ld+json\" class=\"yoast-schema-graph\">{\"@context\":\"https:\/\/schema.org\",\"@graph\":[{\"@type\":\"WebPage\",\"@id\":\"https:\/\/d-unas.com\/es\/politica-de-cookies\/\",\"url\":\"https:\/\/d-unas.com\/es\/politica-de-cookies\/\",\"name\":\"Franquicia de u\u00f1as - Franquicias d-u\u00f1as\",\"isPartOf\":{\"@id\":\"https:\/\/d-unas.com\/es\/#website\"},\"datePublished\":\"2025-12-23T23:23:14+00:00\",\"dateModified\":\"2026-03-27T10:49:29+00:00\",\"description\":\"\u00danete a la Franquicia L\u00edder. Invierte en tu propio negocio. Una franquicia de u\u00f1as es una franquicia rentable.\",\"breadcrumb\":{\"@id\":\"https:\/\/d-unas.com\/es\/politica-de-cookies\/#breadcrumb\"},\"inLanguage\":\"es\",\"potentialAction\":[{\"@type\":\"ReadAction\",\"target\":[\"https:\/\/d-unas.com\/es\/politica-de-cookies\/\"]}]},{\"@type\":\"BreadcrumbList\",\"@id\":\"https:\/\/d-unas.com\/es\/politica-de-cookies\/#breadcrumb\",\"itemListElement\":[{\"@type\":\"ListItem\",\"position\":1,\"name\":\"Portada\",\"item\":\"https:\/\/d-unas.com\/es\/\"},{\"@type\":\"ListItem\",\"position\":2,\"name\":\"Pol\u00edtica de Cookies\"}]},{\"@type\":\"WebSite\",\"@id\":\"https:\/\/d-unas.com\/es\/#website\",\"url\":\"https:\/\/d-unas.com\/es\/\",\"name\":\"d-unas\",\"description\":\"\",\"publisher\":{\"@id\":\"https:\/\/d-unas.com\/es\/#organization\"},\"potentialAction\":[{\"@type\":\"SearchAction\",\"target\":{\"@type\":\"EntryPoint\",\"urlTemplate\":\"https:\/\/d-unas.com\/es\/?s={search_term_string}\"},\"query-input\":{\"@type\":\"PropertyValueSpecification\",\"valueRequired\":true,\"valueName\":\"search_term_string\"}}],\"inLanguage\":\"es\"},{\"@type\":\"Organization\",\"@id\":\"https:\/\/d-unas.com\/es\/#organization\",\"name\":\"d-unas\",\"url\":\"https:\/\/d-unas.com\/es\/\",\"logo\":{\"@type\":\"ImageObject\",\"inLanguage\":\"es\",\"@id\":\"https:\/\/d-unas.com\/es\/#\/schema\/logo\/image\/\",\"url\":\"https:\/\/d-unas.com\/es\/wp-content\/uploads\/2024\/12\/LOGO-D-UNAS.png\",\"contentUrl\":\"https:\/\/d-unas.com\/es\/wp-content\/uploads\/2024\/12\/LOGO-D-UNAS.png\",\"width\":349,\"height\":97,\"caption\":\"d-unas\"},\"image\":{\"@id\":\"https:\/\/d-unas.com\/es\/#\/schema\/logo\/image\/\"}}]}<\/script>\n<!-- \/ Yoast SEO plugin. -->","yoast_head_json":{"title":"Franquicia de u\u00f1as - Franquicias d-u\u00f1as","description":"\u00danete a la Franquicia L\u00edder. Invierte en tu propio negocio. Una franquicia de u\u00f1as es una franquicia rentable.","robots":{"index":"index","follow":"follow","max-snippet":"max-snippet:-1","max-image-preview":"max-image-preview:large","max-video-preview":"max-video-preview:-1"},"canonical":"https:\/\/d-unas.com\/es\/politica-de-cookies\/","og_locale":"es_ES","og_type":"article","og_title":"Franquicia de u\u00f1as - Franquicias d-u\u00f1as","og_description":"\u00danete a la Franquicia L\u00edder. Invierte en tu propio negocio. Una franquicia de u\u00f1as es una franquicia rentable.","og_url":"https:\/\/d-unas.com\/es\/politica-de-cookies\/","og_site_name":"d-unas","article_modified_time":"2026-03-27T10:49:29+00:00","twitter_card":"summary_large_image","twitter_misc":{"Tiempo de lectura":"3 minutos"},"schema":{"@context":"https:\/\/schema.org","@graph":[{"@type":"WebPage","@id":"https:\/\/d-unas.com\/es\/politica-de-cookies\/","url":"https:\/\/d-unas.com\/es\/politica-de-cookies\/","name":"Franquicia de u\u00f1as - Franquicias d-u\u00f1as","isPartOf":{"@id":"https:\/\/d-unas.com\/es\/#website"},"datePublished":"2025-12-23T23:23:14+00:00","dateModified":"2026-03-27T10:49:29+00:00","description":"\u00danete a la Franquicia L\u00edder. Invierte en tu propio negocio. Una franquicia de u\u00f1as es una franquicia rentable.","breadcrumb":{"@id":"https:\/\/d-unas.com\/es\/politica-de-cookies\/#breadcrumb"},"inLanguage":"es","potentialAction":[{"@type":"ReadAction","target":["https:\/\/d-unas.com\/es\/politica-de-cookies\/"]}]},{"@type":"BreadcrumbList","@id":"https:\/\/d-unas.com\/es\/politica-de-cookies\/#breadcrumb","itemListElement":[{"@type":"ListItem","position":1,"name":"Portada","item":"https:\/\/d-unas.com\/es\/"},{"@type":"ListItem","position":2,"name":"Pol\u00edtica de Cookies"}]},{"@type":"WebSite","@id":"https:\/\/d-unas.com\/es\/#website","url":"https:\/\/d-unas.com\/es\/","name":"d-unas","description":"","publisher":{"@id":"https:\/\/d-unas.com\/es\/#organization"},"potentialAction":[{"@type":"SearchAction","target":{"@type":"EntryPoint","urlTemplate":"https:\/\/d-unas.com\/es\/?s={search_term_string}"},"query-input":{"@type":"PropertyValueSpecification","valueRequired":true,"valueName":"search_term_string"}}],"inLanguage":"es"},{"@type":"Organization","@id":"https:\/\/d-unas.com\/es\/#organization","name":"d-unas","url":"https:\/\/d-unas.com\/es\/","logo":{"@type":"ImageObject","inLanguage":"es","@id":"https:\/\/d-unas.com\/es\/#\/schema\/logo\/image\/","url":"https:\/\/d-unas.com\/es\/wp-content\/uploads\/2024\/12\/LOGO-D-UNAS.png","contentUrl":"https:\/\/d-unas.com\/es\/wp-content\/uploads\/2024\/12\/LOGO-D-UNAS.png","width":349,"height":97,"caption":"d-unas"},"image":{"@id":"https:\/\/d-unas.com\/es\/#\/schema\/logo\/image\/"}}]}},"_links":{"self":[{"href":"https:\/\/d-unas.com\/es\/wp-json\/wp\/v2\/pages\/28406","targetHints":{"allow":["GET"]}}],"collection":[{"href":"https:\/\/d-unas.com\/es\/wp-json\/wp\/v2\/pages"}],"about":[{"href":"https:\/\/d-unas.com\/es\/wp-json\/wp\/v2\/types\/page"}],"author":[{"embeddable":true,"href":"https:\/\/d-unas.com\/es\/wp-json\/wp\/v2\/users\/1"}],"replies":[{"embeddable":true,"href":"https:\/\/d-unas.com\/es\/wp-json\/wp\/v2\/comments?post=28406"}],"version-history":[{"count":25,"href":"https:\/\/d-unas.com\/es\/wp-json\/wp\/v2\/pages\/28406\/revisions"}],"predecessor-version":[{"id":28783,"href":"https:\/\/d-unas.com\/es\/wp-json\/wp\/v2\/pages\/28406\/revisions\/28783"}],"wp:attachment":[{"href":"https:\/\/d-unas.com\/es\/wp-json\/wp\/v2\/media?parent=28406"}],"curies":[{"name":"wp","href":"https:\/\/api.w.org\/{rel}","templated":true}]}}