{"id":28763,"date":"2026-03-26T13:06:48","date_gmt":"2026-03-26T12:06:48","guid":{"rendered":"https:\/\/d-unas.com\/es\/?page_id=28763"},"modified":"2026-03-26T13:10:07","modified_gmt":"2026-03-26T12:10:07","slug":"aviso-legal-y-condiciones","status":"publish","type":"page","link":"https:\/\/d-unas.com\/es\/aviso-legal-y-condiciones\/","title":{"rendered":"Aviso Legal y Condiciones"},"content":{"rendered":"\t\t<div data-elementor-type=\"wp-post\" data-elementor-id=\"28763\" class=\"elementor elementor-28763\" data-elementor-post-type=\"page\">\n\t\t\t\t<div class=\"elementor-element elementor-element-c8cd4a5 e-con-full elementor-hidden-tablet elementor-hidden-mobile e-flex e-con e-parent\" data-id=\"c8cd4a5\" data-element_type=\"container\" data-settings=\"{&quot;background_background&quot;:&quot;classic&quot;}\">\n\t\t<div class=\"elementor-element elementor-element-0cadef7 e-flex e-con-boxed e-con e-child\" data-id=\"0cadef7\" data-element_type=\"container\">\n\t\t\t\t\t<div class=\"e-con-inner\">\n\t\t<div class=\"elementor-element elementor-element-3350166 e-con-full e-flex e-con e-child\" data-id=\"3350166\" data-element_type=\"container\">\n\t\t\t\t<div class=\"elementor-element elementor-element-939ca54 elementor-widget elementor-widget-text-editor\" data-id=\"939ca54\" data-element_type=\"widget\" data-widget_type=\"text-editor.default\">\n\t\t\t\t<div class=\"elementor-widget-container\">\n\t\t\t\t\t\t\t\t\t<h1>AVISO LEGAL<\/h1><h2>1. DATOS IDENTIFICATIVOS<\/h2><p>En cumplimiento de lo dispuesto en la Ley 34\/2002 de Servicios de la Sociedad de la Informaci\u00f3n y Comercio Electr\u00f3nico (LSSI-CE), se informa que el presente sitio web <a href=\"http:\/\/www.d-unas.com\/\">www.d-unas.com<\/a> es titularidad de:<\/p><ul><li><p><strong>Benzaquen 2, S.L.<\/strong><\/p><\/li><li><p>CIF: B92601830<\/p><\/li><li><p>Domicilio: Avenida Somosierra 12, portal A, 2\u00aa planta, Oficina H, San Sebasti\u00e1n de los Reyes, Madrid, Espa\u00f1a<\/p><\/li><li><p>Tel\u00e9fono: 952283446<\/p><\/li><li><p>Email: <a href=\"mailto:info@d-unas.com\">info@d-unas.com<\/a><\/p><\/li><\/ul><p>Inscrita en el Registro Mercantil de M\u00e1laga: T 3750, L 2661, F 146, S 8, H MA 75727.<\/p><hr \/><h2>2. CONDICIONES DE USO<\/h2><p>El acceso y uso del sitio web atribuye la condici\u00f3n de usuario, e implica la aceptaci\u00f3n de las condiciones aqu\u00ed recogidas.<\/p><p>El usuario se compromete a hacer un uso adecuado del sitio web y a no emplearlo para actividades il\u00edcitas o contrarias a la buena fe y al orden p\u00fablico.<\/p><hr \/><h2>3. PROPIEDAD INTELECTUAL E INDUSTRIAL<\/h2><p>Todos los contenidos del sitio web (textos, im\u00e1genes, marcas, logotipos, etc.) son propiedad de Benzaquen 2, S.L. o de terceros autorizados.<\/p><p>Queda prohibida su reproducci\u00f3n, distribuci\u00f3n o modificaci\u00f3n sin autorizaci\u00f3n expresa del titular.<\/p><hr \/><h2>4. RESPONSABILIDAD<\/h2><p>Benzaquen 2, S.L. no se responsabiliza de los da\u00f1os o perjuicios derivados del uso de la informaci\u00f3n contenida en este sitio web.<\/p><p>Tampoco garantiza la ausencia de virus u otros elementos que puedan causar alteraciones en los sistemas inform\u00e1ticos del usuario.<\/p><hr \/><h2>5. ENLACES A TERCEROS<\/h2><p>Este sitio web puede contener enlaces a sitios web de terceros. Benzaquen 2, S.L. no se responsabiliza del contenido, pol\u00edticas o pr\u00e1cticas de dichos sitios.<\/p><hr \/><h2>6. PROTECCI\u00d3N DE DATOS<\/h2><p>El tratamiento de los datos personales se rige por lo establecido en la Pol\u00edtica de Privacidad del sitio web.<\/p><hr \/><h2>7. LEGISLACI\u00d3N Y JURISDICCI\u00d3N<\/h2><p>La relaci\u00f3n entre el usuario y el titular se regir\u00e1 por la normativa espa\u00f1ola vigente.<\/p><p>En caso de conflicto, las partes se someter\u00e1n a los Juzgados y Tribunales del domicilio del usuario.<\/p>\t\t\t\t\t\t\t\t<\/div>\n\t\t\t\t<\/div>\n\t\t\t\t<\/div>\n\t\t\t\t\t<\/div>\n\t\t\t\t<\/div>\n\t\t\t\t<\/div>\n\t\t<div class=\"elementor-element elementor-element-fdba3d4 e-flex e-con-boxed e-con e-parent\" data-id=\"fdba3d4\" data-element_type=\"container\" data-settings=\"{&quot;sticky&quot;:&quot;bottom&quot;,&quot;background_background&quot;:&quot;classic&quot;,&quot;sticky_on&quot;:[&quot;desktop&quot;,&quot;tablet&quot;,&quot;mobile&quot;],&quot;sticky_offset&quot;:0,&quot;sticky_effects_offset&quot;:0,&quot;sticky_anchor_link_offset&quot;:0}\">\n\t\t\t\t\t<div class=\"e-con-inner\">\n\t\t\t\t<div class=\"elementor-element elementor-element-afc3b77 elementor-align-right elementor-widget elementor-widget-button\" data-id=\"afc3b77\" data-element_type=\"widget\" data-widget_type=\"button.default\">\n\t\t\t\t<div class=\"elementor-widget-container\">\n\t\t\t\t\t\t\t\t\t<div class=\"elementor-button-wrapper\">\n\t\t\t\t\t<a class=\"elementor-button elementor-button-link elementor-size-sm\" href=\"https:\/\/wa.me\/0034693813966?text=Quiero%20informaci\u00f3n%20sobre%20franquicias\" target=\"_blank\" id=\"whatsapp\">\n\t\t\t\t\t\t<span class=\"elementor-button-content-wrapper\">\n\t\t\t\t\t\t<span class=\"elementor-button-icon\">\n\t\t\t\t<svg aria-hidden=\"true\" class=\"e-font-icon-svg e-fab-whatsapp\" viewBox=\"0 0 448 512\" xmlns=\"http:\/\/www.w3.org\/2000\/svg\"><path d=\"M380.9 97.1C339 55.1 283.2 32 223.9 32c-122.4 0-222 99.6-222 222 0 39.1 10.2 77.3 29.6 111L0 480l117.7-30.9c32.4 17.7 68.9 27 106.1 27h.1c122.3 0 224.1-99.6 224.1-222 0-59.3-25.2-115-67.1-157zm-157 341.6c-33.2 0-65.7-8.9-94-25.7l-6.7-4-69.8 18.3L72 359.2l-4.4-7c-18.5-29.4-28.2-63.3-28.2-98.2 0-101.7 82.8-184.5 184.6-184.5 49.3 0 95.6 19.2 130.4 54.1 34.8 34.9 56.2 81.2 56.1 130.5 0 101.8-84.9 184.6-186.6 184.6zm101.2-138.2c-5.5-2.8-32.8-16.2-37.9-18-5.1-1.9-8.8-2.8-12.5 2.8-3.7 5.6-14.3 18-17.6 21.8-3.2 3.7-6.5 4.2-12 1.4-32.6-16.3-54-29.1-75.5-66-5.7-9.8 5.7-9.1 16.3-30.3 1.8-3.7.9-6.9-.5-9.7-1.4-2.8-12.5-30.1-17.1-41.2-4.5-10.8-9.1-9.3-12.5-9.5-3.2-.2-6.9-.2-10.6-.2-3.7 0-9.7 1.4-14.8 6.9-5.1 5.6-19.4 19-19.4 46.3 0 27.3 19.9 53.7 22.6 57.4 2.8 3.7 39.1 59.7 94.8 83.8 35.2 15.2 49 16.5 66.6 13.9 10.7-1.6 32.8-13.4 37.4-26.4 4.6-13 4.6-24.1 3.2-26.4-1.3-2.5-5-3.9-10.5-6.6z\"><\/path><\/svg>\t\t\t<\/span>\n\t\t\t\t\t\t\t\t<\/span>\n\t\t\t\t\t<\/a>\n\t\t\t\t<\/div>\n\t\t\t\t\t\t\t\t<\/div>\n\t\t\t\t<\/div>\n\t\t\t\t\t<\/div>\n\t\t\t\t<\/div>\n\t\t\t\t<\/div>\n\t\t","protected":false},"excerpt":{"rendered":"<p>AVISO LEGAL 1. DATOS IDENTIFICATIVOS En cumplimiento de lo dispuesto en la Ley 34\/2002 de Servicios de la Sociedad de la Informaci\u00f3n y Comercio Electr\u00f3nico (LSSI-CE), se informa que el presente sitio web www.d-unas.com es titularidad de: Benzaquen 2, S.L. CIF: B92601830 Domicilio: Avenida Somosierra 12, portal A, 2\u00aa planta, Oficina H, San Sebasti\u00e1n de [&hellip;]<\/p>\n","protected":false},"author":3,"featured_media":0,"parent":0,"menu_order":0,"comment_status":"closed","ping_status":"closed","template":"elementor_header_footer","meta":{"content-type":"","footnotes":""},"class_list":["post-28763","page","type-page","status-publish","hentry"],"yoast_head":"<!-- This site is optimized with the Yoast SEO plugin v26.8 - https:\/\/yoast.com\/product\/yoast-seo-wordpress\/ -->\n<title>Franquicia de u\u00f1as - Franquicias d-u\u00f1as<\/title>\n<meta name=\"description\" content=\"\u00danete a la Franquicia L\u00edder. Invierte en tu propio negocio. Una franquicia de u\u00f1as es una franquicia rentable.\" \/>\n<meta name=\"robots\" content=\"index, follow, max-snippet:-1, max-image-preview:large, max-video-preview:-1\" \/>\n<link rel=\"canonical\" href=\"https:\/\/d-unas.com\/es\/aviso-legal-y-condiciones\/\" \/>\n<meta property=\"og:locale\" content=\"es_ES\" \/>\n<meta property=\"og:type\" content=\"article\" \/>\n<meta property=\"og:title\" content=\"Franquicia de u\u00f1as - Franquicias d-u\u00f1as\" \/>\n<meta property=\"og:description\" content=\"\u00danete a la Franquicia L\u00edder. Invierte en tu propio negocio. Una franquicia de u\u00f1as es una franquicia rentable.\" \/>\n<meta property=\"og:url\" content=\"https:\/\/d-unas.com\/es\/aviso-legal-y-condiciones\/\" \/>\n<meta property=\"og:site_name\" content=\"d-unas\" \/>\n<meta property=\"article:modified_time\" content=\"2026-03-26T12:10:07+00:00\" \/>\n<meta name=\"twitter:card\" content=\"summary_large_image\" \/>\n<meta name=\"twitter:label1\" content=\"Tiempo de lectura\" \/>\n\t<meta name=\"twitter:data1\" content=\"2 minutos\" \/>\n<script type=\"application\/ld+json\" class=\"yoast-schema-graph\">{\"@context\":\"https:\/\/schema.org\",\"@graph\":[{\"@type\":\"WebPage\",\"@id\":\"https:\/\/d-unas.com\/es\/aviso-legal-y-condiciones\/\",\"url\":\"https:\/\/d-unas.com\/es\/aviso-legal-y-condiciones\/\",\"name\":\"Franquicia de u\u00f1as - Franquicias d-u\u00f1as\",\"isPartOf\":{\"@id\":\"https:\/\/d-unas.com\/es\/#website\"},\"datePublished\":\"2026-03-26T12:06:48+00:00\",\"dateModified\":\"2026-03-26T12:10:07+00:00\",\"description\":\"\u00danete a la Franquicia L\u00edder. Invierte en tu propio negocio. Una franquicia de u\u00f1as es una franquicia rentable.\",\"breadcrumb\":{\"@id\":\"https:\/\/d-unas.com\/es\/aviso-legal-y-condiciones\/#breadcrumb\"},\"inLanguage\":\"es\",\"potentialAction\":[{\"@type\":\"ReadAction\",\"target\":[\"https:\/\/d-unas.com\/es\/aviso-legal-y-condiciones\/\"]}]},{\"@type\":\"BreadcrumbList\",\"@id\":\"https:\/\/d-unas.com\/es\/aviso-legal-y-condiciones\/#breadcrumb\",\"itemListElement\":[{\"@type\":\"ListItem\",\"position\":1,\"name\":\"Portada\",\"item\":\"https:\/\/d-unas.com\/es\/\"},{\"@type\":\"ListItem\",\"position\":2,\"name\":\"Aviso Legal y Condiciones\"}]},{\"@type\":\"WebSite\",\"@id\":\"https:\/\/d-unas.com\/es\/#website\",\"url\":\"https:\/\/d-unas.com\/es\/\",\"name\":\"d-unas\",\"description\":\"\",\"publisher\":{\"@id\":\"https:\/\/d-unas.com\/es\/#organization\"},\"potentialAction\":[{\"@type\":\"SearchAction\",\"target\":{\"@type\":\"EntryPoint\",\"urlTemplate\":\"https:\/\/d-unas.com\/es\/?s={search_term_string}\"},\"query-input\":{\"@type\":\"PropertyValueSpecification\",\"valueRequired\":true,\"valueName\":\"search_term_string\"}}],\"inLanguage\":\"es\"},{\"@type\":\"Organization\",\"@id\":\"https:\/\/d-unas.com\/es\/#organization\",\"name\":\"d-unas\",\"url\":\"https:\/\/d-unas.com\/es\/\",\"logo\":{\"@type\":\"ImageObject\",\"inLanguage\":\"es\",\"@id\":\"https:\/\/d-unas.com\/es\/#\/schema\/logo\/image\/\",\"url\":\"https:\/\/d-unas.com\/es\/wp-content\/uploads\/2024\/12\/LOGO-D-UNAS.png\",\"contentUrl\":\"https:\/\/d-unas.com\/es\/wp-content\/uploads\/2024\/12\/LOGO-D-UNAS.png\",\"width\":349,\"height\":97,\"caption\":\"d-unas\"},\"image\":{\"@id\":\"https:\/\/d-unas.com\/es\/#\/schema\/logo\/image\/\"}}]}<\/script>\n<!-- \/ Yoast SEO plugin. -->","yoast_head_json":{"title":"Franquicia de u\u00f1as - Franquicias d-u\u00f1as","description":"\u00danete a la Franquicia L\u00edder. Invierte en tu propio negocio. Una franquicia de u\u00f1as es una franquicia rentable.","robots":{"index":"index","follow":"follow","max-snippet":"max-snippet:-1","max-image-preview":"max-image-preview:large","max-video-preview":"max-video-preview:-1"},"canonical":"https:\/\/d-unas.com\/es\/aviso-legal-y-condiciones\/","og_locale":"es_ES","og_type":"article","og_title":"Franquicia de u\u00f1as - Franquicias d-u\u00f1as","og_description":"\u00danete a la Franquicia L\u00edder. Invierte en tu propio negocio. Una franquicia de u\u00f1as es una franquicia rentable.","og_url":"https:\/\/d-unas.com\/es\/aviso-legal-y-condiciones\/","og_site_name":"d-unas","article_modified_time":"2026-03-26T12:10:07+00:00","twitter_card":"summary_large_image","twitter_misc":{"Tiempo de lectura":"2 minutos"},"schema":{"@context":"https:\/\/schema.org","@graph":[{"@type":"WebPage","@id":"https:\/\/d-unas.com\/es\/aviso-legal-y-condiciones\/","url":"https:\/\/d-unas.com\/es\/aviso-legal-y-condiciones\/","name":"Franquicia de u\u00f1as - Franquicias d-u\u00f1as","isPartOf":{"@id":"https:\/\/d-unas.com\/es\/#website"},"datePublished":"2026-03-26T12:06:48+00:00","dateModified":"2026-03-26T12:10:07+00:00","description":"\u00danete a la Franquicia L\u00edder. Invierte en tu propio negocio. Una franquicia de u\u00f1as es una franquicia rentable.","breadcrumb":{"@id":"https:\/\/d-unas.com\/es\/aviso-legal-y-condiciones\/#breadcrumb"},"inLanguage":"es","potentialAction":[{"@type":"ReadAction","target":["https:\/\/d-unas.com\/es\/aviso-legal-y-condiciones\/"]}]},{"@type":"BreadcrumbList","@id":"https:\/\/d-unas.com\/es\/aviso-legal-y-condiciones\/#breadcrumb","itemListElement":[{"@type":"ListItem","position":1,"name":"Portada","item":"https:\/\/d-unas.com\/es\/"},{"@type":"ListItem","position":2,"name":"Aviso Legal y Condiciones"}]},{"@type":"WebSite","@id":"https:\/\/d-unas.com\/es\/#website","url":"https:\/\/d-unas.com\/es\/","name":"d-unas","description":"","publisher":{"@id":"https:\/\/d-unas.com\/es\/#organization"},"potentialAction":[{"@type":"SearchAction","target":{"@type":"EntryPoint","urlTemplate":"https:\/\/d-unas.com\/es\/?s={search_term_string}"},"query-input":{"@type":"PropertyValueSpecification","valueRequired":true,"valueName":"search_term_string"}}],"inLanguage":"es"},{"@type":"Organization","@id":"https:\/\/d-unas.com\/es\/#organization","name":"d-unas","url":"https:\/\/d-unas.com\/es\/","logo":{"@type":"ImageObject","inLanguage":"es","@id":"https:\/\/d-unas.com\/es\/#\/schema\/logo\/image\/","url":"https:\/\/d-unas.com\/es\/wp-content\/uploads\/2024\/12\/LOGO-D-UNAS.png","contentUrl":"https:\/\/d-unas.com\/es\/wp-content\/uploads\/2024\/12\/LOGO-D-UNAS.png","width":349,"height":97,"caption":"d-unas"},"image":{"@id":"https:\/\/d-unas.com\/es\/#\/schema\/logo\/image\/"}}]}},"_links":{"self":[{"href":"https:\/\/d-unas.com\/es\/wp-json\/wp\/v2\/pages\/28763","targetHints":{"allow":["GET"]}}],"collection":[{"href":"https:\/\/d-unas.com\/es\/wp-json\/wp\/v2\/pages"}],"about":[{"href":"https:\/\/d-unas.com\/es\/wp-json\/wp\/v2\/types\/page"}],"author":[{"embeddable":true,"href":"https:\/\/d-unas.com\/es\/wp-json\/wp\/v2\/users\/3"}],"replies":[{"embeddable":true,"href":"https:\/\/d-unas.com\/es\/wp-json\/wp\/v2\/comments?post=28763"}],"version-history":[{"count":6,"href":"https:\/\/d-unas.com\/es\/wp-json\/wp\/v2\/pages\/28763\/revisions"}],"predecessor-version":[{"id":28769,"href":"https:\/\/d-unas.com\/es\/wp-json\/wp\/v2\/pages\/28763\/revisions\/28769"}],"wp:attachment":[{"href":"https:\/\/d-unas.com\/es\/wp-json\/wp\/v2\/media?parent=28763"}],"curies":[{"name":"wp","href":"https:\/\/api.w.org\/{rel}","templated":true}]}}