{"id":28537,"date":"2026-02-02T13:29:23","date_gmt":"2026-02-02T12:29:23","guid":{"rendered":"https:\/\/d-unas.com\/es\/?post_type=product&#038;p=28537"},"modified":"2026-04-15T10:03:16","modified_gmt":"2026-04-15T08:03:16","slug":"depilacion-diseno-de-cejas","status":"publish","type":"product","link":"https:\/\/d-unas.com\/es\/producto\/depilacion-diseno-de-cejas\/","title":{"rendered":"Depilaci\u00f3n dise\u00f1o de cejas"},"content":{"rendered":"<p>Realza tu look con unas cejas definidas. La depilaci\u00f3n con hilo, cera o pinzas son t\u00e9nicas eficaces que eliminan el vello desde la ra\u00edz y retrasa su crecimiento<\/p>\n<p>Validez: 30 d\u00edas desde la apertura del sal\u00f3n<\/p>\n","protected":false},"excerpt":{"rendered":"<p>Realza tu look con unas cejas definidas. La depilaci\u00f3n con hilo, cera o pinzas son t\u00e9nicas eficaces que eliminan el vello desde la ra\u00edz y retrasa su crecimiento<\/p>\n","protected":false},"featured_media":28677,"comment_status":"open","ping_status":"closed","template":"","meta":{"content-type":""},"product_brand":[],"product_cat":[129],"product_tag":[],"class_list":{"0":"post-28537","1":"product","2":"type-product","3":"status-publish","4":"has-post-thumbnail","6":"product_cat-sin-categorizar","8":"first","9":"instock","10":"sale","11":"taxable","12":"shipping-taxable","13":"purchasable","14":"product-type-simple"},"yoast_head":"<!-- This site is optimized with the Yoast SEO plugin v26.8 - https:\/\/yoast.com\/product\/yoast-seo-wordpress\/ -->\n<title>Depilaci\u00f3n dise\u00f1o de cejas - d-unas<\/title>\n<meta name=\"description\" content=\"Realza tu look con unas cejas definidas. La depilaci\u00f3n con hilo, cera o pinzas son t\u00e9nicas eficaces que eliminan el vello desde la ra\u00edz\" \/>\n<meta name=\"robots\" content=\"index, follow, max-snippet:-1, max-image-preview:large, max-video-preview:-1\" \/>\n<link rel=\"canonical\" href=\"https:\/\/d-unas.com\/es\/producto\/depilacion-diseno-de-cejas\/\" \/>\n<meta property=\"og:locale\" content=\"es_ES\" \/>\n<meta property=\"og:type\" content=\"article\" \/>\n<meta property=\"og:title\" content=\"Depilaci\u00f3n dise\u00f1o de cejas - d-unas\" \/>\n<meta property=\"og:description\" content=\"Realza tu look con unas cejas definidas. La depilaci\u00f3n con hilo, cera o pinzas son t\u00e9nicas eficaces que eliminan el vello desde la ra\u00edz\" \/>\n<meta property=\"og:url\" content=\"https:\/\/d-unas.com\/es\/producto\/depilacion-diseno-de-cejas\/\" \/>\n<meta property=\"og:site_name\" content=\"d-unas\" \/>\n<meta property=\"article:modified_time\" content=\"2026-04-15T08:03:16+00:00\" \/>\n<meta property=\"og:image\" content=\"https:\/\/d-unas.com\/es\/wp-content\/uploads\/2026\/02\/7.png\" \/>\n\t<meta property=\"og:image:width\" content=\"1024\" \/>\n\t<meta property=\"og:image:height\" content=\"1024\" \/>\n\t<meta property=\"og:image:type\" content=\"image\/png\" \/>\n<meta name=\"twitter:card\" content=\"summary_large_image\" \/>\n<meta name=\"twitter:label1\" content=\"Tiempo de lectura\" \/>\n\t<meta name=\"twitter:data1\" content=\"1 minuto\" \/>\n<script type=\"application\/ld+json\" class=\"yoast-schema-graph\">{\"@context\":\"https:\/\/schema.org\",\"@graph\":[{\"@type\":\"WebPage\",\"@id\":\"https:\/\/d-unas.com\/es\/producto\/depilacion-diseno-de-cejas\/\",\"url\":\"https:\/\/d-unas.com\/es\/producto\/depilacion-diseno-de-cejas\/\",\"name\":\"Depilaci\u00f3n dise\u00f1o de cejas - d-unas\",\"isPartOf\":{\"@id\":\"https:\/\/d-unas.com\/es\/#website\"},\"primaryImageOfPage\":{\"@id\":\"https:\/\/d-unas.com\/es\/producto\/depilacion-diseno-de-cejas\/#primaryimage\"},\"image\":{\"@id\":\"https:\/\/d-unas.com\/es\/producto\/depilacion-diseno-de-cejas\/#primaryimage\"},\"thumbnailUrl\":\"https:\/\/d-unas.com\/es\/wp-content\/uploads\/2026\/02\/7.png\",\"datePublished\":\"2026-02-02T12:29:23+00:00\",\"dateModified\":\"2026-04-15T08:03:16+00:00\",\"description\":\"Realza tu look con unas cejas definidas. La depilaci\u00f3n con hilo, cera o pinzas son t\u00e9nicas eficaces que eliminan el vello desde la ra\u00edz\",\"breadcrumb\":{\"@id\":\"https:\/\/d-unas.com\/es\/producto\/depilacion-diseno-de-cejas\/#breadcrumb\"},\"inLanguage\":\"es\",\"potentialAction\":[{\"@type\":\"ReadAction\",\"target\":[\"https:\/\/d-unas.com\/es\/producto\/depilacion-diseno-de-cejas\/\"]}]},{\"@type\":\"ImageObject\",\"inLanguage\":\"es\",\"@id\":\"https:\/\/d-unas.com\/es\/producto\/depilacion-diseno-de-cejas\/#primaryimage\",\"url\":\"https:\/\/d-unas.com\/es\/wp-content\/uploads\/2026\/02\/7.png\",\"contentUrl\":\"https:\/\/d-unas.com\/es\/wp-content\/uploads\/2026\/02\/7.png\",\"width\":1024,\"height\":1024,\"caption\":\"Depilaci\u00f3n dise\u00f1o de cejas\"},{\"@type\":\"BreadcrumbList\",\"@id\":\"https:\/\/d-unas.com\/es\/producto\/depilacion-diseno-de-cejas\/#breadcrumb\",\"itemListElement\":[{\"@type\":\"ListItem\",\"position\":1,\"name\":\"Portada\",\"item\":\"https:\/\/d-unas.com\/es\/\"},{\"@type\":\"ListItem\",\"position\":2,\"name\":\"Promoci\u00f3n apertura\",\"item\":\"https:\/\/d-unas.com\/es\/promocion-apertura\/\"},{\"@type\":\"ListItem\",\"position\":3,\"name\":\"Depilaci\u00f3n dise\u00f1o de cejas\"}]},{\"@type\":\"WebSite\",\"@id\":\"https:\/\/d-unas.com\/es\/#website\",\"url\":\"https:\/\/d-unas.com\/es\/\",\"name\":\"d-unas\",\"description\":\"\",\"publisher\":{\"@id\":\"https:\/\/d-unas.com\/es\/#organization\"},\"potentialAction\":[{\"@type\":\"SearchAction\",\"target\":{\"@type\":\"EntryPoint\",\"urlTemplate\":\"https:\/\/d-unas.com\/es\/?s={search_term_string}\"},\"query-input\":{\"@type\":\"PropertyValueSpecification\",\"valueRequired\":true,\"valueName\":\"search_term_string\"}}],\"inLanguage\":\"es\"},{\"@type\":\"Organization\",\"@id\":\"https:\/\/d-unas.com\/es\/#organization\",\"name\":\"d-unas\",\"url\":\"https:\/\/d-unas.com\/es\/\",\"logo\":{\"@type\":\"ImageObject\",\"inLanguage\":\"es\",\"@id\":\"https:\/\/d-unas.com\/es\/#\/schema\/logo\/image\/\",\"url\":\"https:\/\/d-unas.com\/es\/wp-content\/uploads\/2024\/12\/LOGO-D-UNAS.png\",\"contentUrl\":\"https:\/\/d-unas.com\/es\/wp-content\/uploads\/2024\/12\/LOGO-D-UNAS.png\",\"width\":349,\"height\":97,\"caption\":\"d-unas\"},\"image\":{\"@id\":\"https:\/\/d-unas.com\/es\/#\/schema\/logo\/image\/\"}}]}<\/script>\n<!-- \/ Yoast SEO plugin. -->","yoast_head_json":{"title":"Depilaci\u00f3n dise\u00f1o de cejas - d-unas","description":"Realza tu look con unas cejas definidas. La depilaci\u00f3n con hilo, cera o pinzas son t\u00e9nicas eficaces que eliminan el vello desde la ra\u00edz","robots":{"index":"index","follow":"follow","max-snippet":"max-snippet:-1","max-image-preview":"max-image-preview:large","max-video-preview":"max-video-preview:-1"},"canonical":"https:\/\/d-unas.com\/es\/producto\/depilacion-diseno-de-cejas\/","og_locale":"es_ES","og_type":"article","og_title":"Depilaci\u00f3n dise\u00f1o de cejas - d-unas","og_description":"Realza tu look con unas cejas definidas. La depilaci\u00f3n con hilo, cera o pinzas son t\u00e9nicas eficaces que eliminan el vello desde la ra\u00edz","og_url":"https:\/\/d-unas.com\/es\/producto\/depilacion-diseno-de-cejas\/","og_site_name":"d-unas","article_modified_time":"2026-04-15T08:03:16+00:00","og_image":[{"width":1024,"height":1024,"url":"https:\/\/d-unas.com\/es\/wp-content\/uploads\/2026\/02\/7.png","type":"image\/png"}],"twitter_card":"summary_large_image","twitter_misc":{"Tiempo de lectura":"1 minuto"},"schema":{"@context":"https:\/\/schema.org","@graph":[{"@type":"WebPage","@id":"https:\/\/d-unas.com\/es\/producto\/depilacion-diseno-de-cejas\/","url":"https:\/\/d-unas.com\/es\/producto\/depilacion-diseno-de-cejas\/","name":"Depilaci\u00f3n dise\u00f1o de cejas - d-unas","isPartOf":{"@id":"https:\/\/d-unas.com\/es\/#website"},"primaryImageOfPage":{"@id":"https:\/\/d-unas.com\/es\/producto\/depilacion-diseno-de-cejas\/#primaryimage"},"image":{"@id":"https:\/\/d-unas.com\/es\/producto\/depilacion-diseno-de-cejas\/#primaryimage"},"thumbnailUrl":"https:\/\/d-unas.com\/es\/wp-content\/uploads\/2026\/02\/7.png","datePublished":"2026-02-02T12:29:23+00:00","dateModified":"2026-04-15T08:03:16+00:00","description":"Realza tu look con unas cejas definidas. La depilaci\u00f3n con hilo, cera o pinzas son t\u00e9nicas eficaces que eliminan el vello desde la ra\u00edz","breadcrumb":{"@id":"https:\/\/d-unas.com\/es\/producto\/depilacion-diseno-de-cejas\/#breadcrumb"},"inLanguage":"es","potentialAction":[{"@type":"ReadAction","target":["https:\/\/d-unas.com\/es\/producto\/depilacion-diseno-de-cejas\/"]}]},{"@type":"ImageObject","inLanguage":"es","@id":"https:\/\/d-unas.com\/es\/producto\/depilacion-diseno-de-cejas\/#primaryimage","url":"https:\/\/d-unas.com\/es\/wp-content\/uploads\/2026\/02\/7.png","contentUrl":"https:\/\/d-unas.com\/es\/wp-content\/uploads\/2026\/02\/7.png","width":1024,"height":1024,"caption":"Depilaci\u00f3n dise\u00f1o de cejas"},{"@type":"BreadcrumbList","@id":"https:\/\/d-unas.com\/es\/producto\/depilacion-diseno-de-cejas\/#breadcrumb","itemListElement":[{"@type":"ListItem","position":1,"name":"Portada","item":"https:\/\/d-unas.com\/es\/"},{"@type":"ListItem","position":2,"name":"Promoci\u00f3n apertura","item":"https:\/\/d-unas.com\/es\/promocion-apertura\/"},{"@type":"ListItem","position":3,"name":"Depilaci\u00f3n dise\u00f1o de cejas"}]},{"@type":"WebSite","@id":"https:\/\/d-unas.com\/es\/#website","url":"https:\/\/d-unas.com\/es\/","name":"d-unas","description":"","publisher":{"@id":"https:\/\/d-unas.com\/es\/#organization"},"potentialAction":[{"@type":"SearchAction","target":{"@type":"EntryPoint","urlTemplate":"https:\/\/d-unas.com\/es\/?s={search_term_string}"},"query-input":{"@type":"PropertyValueSpecification","valueRequired":true,"valueName":"search_term_string"}}],"inLanguage":"es"},{"@type":"Organization","@id":"https:\/\/d-unas.com\/es\/#organization","name":"d-unas","url":"https:\/\/d-unas.com\/es\/","logo":{"@type":"ImageObject","inLanguage":"es","@id":"https:\/\/d-unas.com\/es\/#\/schema\/logo\/image\/","url":"https:\/\/d-unas.com\/es\/wp-content\/uploads\/2024\/12\/LOGO-D-UNAS.png","contentUrl":"https:\/\/d-unas.com\/es\/wp-content\/uploads\/2024\/12\/LOGO-D-UNAS.png","width":349,"height":97,"caption":"d-unas"},"image":{"@id":"https:\/\/d-unas.com\/es\/#\/schema\/logo\/image\/"}}]}},"_links":{"self":[{"href":"https:\/\/d-unas.com\/es\/wp-json\/wp\/v2\/product\/28537","targetHints":{"allow":["GET"]}}],"collection":[{"href":"https:\/\/d-unas.com\/es\/wp-json\/wp\/v2\/product"}],"about":[{"href":"https:\/\/d-unas.com\/es\/wp-json\/wp\/v2\/types\/product"}],"replies":[{"embeddable":true,"href":"https:\/\/d-unas.com\/es\/wp-json\/wp\/v2\/comments?post=28537"}],"wp:featuredmedia":[{"embeddable":true,"href":"https:\/\/d-unas.com\/es\/wp-json\/wp\/v2\/media\/28677"}],"wp:attachment":[{"href":"https:\/\/d-unas.com\/es\/wp-json\/wp\/v2\/media?parent=28537"}],"wp:term":[{"taxonomy":"product_brand","embeddable":true,"href":"https:\/\/d-unas.com\/es\/wp-json\/wp\/v2\/product_brand?post=28537"},{"taxonomy":"product_cat","embeddable":true,"href":"https:\/\/d-unas.com\/es\/wp-json\/wp\/v2\/product_cat?post=28537"},{"taxonomy":"product_tag","embeddable":true,"href":"https:\/\/d-unas.com\/es\/wp-json\/wp\/v2\/product_tag?post=28537"}],"curies":[{"name":"wp","href":"https:\/\/api.w.org\/{rel}","templated":true}]}}