{"id":28828,"date":"2026-04-14T12:38:09","date_gmt":"2026-04-14T10:38:09","guid":{"rendered":"https:\/\/d-unas.com\/es\/?post_type=product&#038;p=28828"},"modified":"2026-05-11T08:52:27","modified_gmt":"2026-05-11T06:52:27","slug":"manos-y-pies-perfectos-con-esmaltado-permanente","status":"publish","type":"product","link":"https:\/\/d-unas.com\/es\/producto\/manos-y-pies-perfectos-con-esmaltado-permanente\/","title":{"rendered":"Manos y pies perfectos con esmaltado permanente."},"content":{"rendered":"<p>Con este pack podr\u00e1s realizarte un esculpido de u\u00f1as con esmaltado permanente + pedicura d-u\u00f1as con esmalte tradicional<\/p>\n<div class=\"fusion-woo-short-description-tb fusion-woo-short-description-tb-1\">\n<div class=\"post-content woocommerce-product-details__short-description\">\n<div class=\"fusion-text fusion-text-6 fusion-text-no-margin\">\n<p>Con este tratamientos de u\u00f1as esculpidas ya no tendr\u00e1s excusa para lucir unas manos perfectas en cualquier momento.Gracias a nuestras t\u00e9cnicas de aplicaci\u00f3n y esmaltado permanente la durabilidad y la belleza est\u00e1n garantizadas, siendo adem\u00e1s el tratamiento m\u00e1s c\u00f3modo y rentable para lucir unas manos bonitas por m\u00e1s tiempo.Pedicura d-u\u00f1as realizada a base de exfoliantes e hidratantesEsta pedicura renovar\u00e1 de forma espectacular la belleza de tus pies. Aconsejamos repetir la experiencia cada dos semanas y alternarla con la pedicura SPA.Tips para mejorar tu pedicura d-u\u00f1as:<\/p>\n<ul>\n<li>Prolonga tu experiencia relajante con un esmaltado permanente o pedicura d-u\u00f1as.<\/li>\n<li>Como continuaci\u00f3n del tratamiento, sigue en casa con nuestro exclusivo <a href=\"https:\/\/www.d-unas.com\/pedicura\/#\">Exfoliante mia<\/a>, formulado con ingredientes naturales que aportan exfoliaci\u00f3n, hidrataci\u00f3n y luminosidad en s\u00f3lo 1 minuto.<\/li>\n<\/ul>\n<\/div>\n<\/div>\n<\/div>\n<p>&nbsp;<\/p>\n","protected":false},"excerpt":{"rendered":"<div class=\"fusion-woo-short-description-tb fusion-woo-short-description-tb-1\">\n<div class=\"post-content woocommerce-product-details__short-description\">\n<div class=\"fusion-text fusion-text-6 fusion-text-no-margin\">\n<p>Manos y pies perfectos con esmaltado permanente. Nuestro servicio estrella, es el must entre nuestras clientas. Pack compuesto por manicura + pedicura y esmaltado permanente en el color que m\u00e1s te guste.<\/p>\n<p>Validez: 30 d\u00edas desde la compra<\/p>\n<\/div>\n<\/div>\n<\/div>\n<div class=\"fusion-separator fusion-full-width-sep\"><\/div>\n<div class=\"fusion-content-tb fusion-content-tb-1\">\n<div class=\"fusion-fullwidth fullwidth-box fusion-builder-row-1-1 fusion-flex-container nonhundred-percent-fullwidth non-hundred-percent-height-scrolling\">\n<div class=\"fusion-builder-row fusion-row fusion-flex-align-items-flex-start\">\n<div class=\"fusion-layout-column fusion_builder_column fusion-builder-column-2 fusion_builder_column_1_1 1_1 fusion-flex-column\">\n<div class=\"fusion-column-wrapper fusion-flex-justify-content-flex-start fusion-content-layout-column\">\n<div class=\"accordian fusion-accordian\">\n<div id=\"accordion-5231-1\" class=\"panel-group fusion-toggle-icon-unboxed\">\n<div class=\"fusion-panel panel-default panel-b0446f457eafb8883 fusion-toggle-no-divider\">\n<div class=\"panel-heading\">\n<h4 class=\"panel-title toggle fusion-responsive-typography-calculated\" data-fontsize=\"16\" data-lineheight=\"22.08px\"><\/h4>\n<\/div>\n<\/div>\n<\/div>\n<\/div>\n<\/div>\n<\/div>\n<\/div>\n<\/div>\n<\/div>\n","protected":false},"featured_media":28678,"comment_status":"open","ping_status":"closed","template":"","meta":{"content-type":""},"product_brand":[],"product_cat":[132],"product_tag":[],"class_list":{"0":"post-28828","1":"product","2":"type-product","3":"status-publish","4":"has-post-thumbnail","6":"product_cat-promocional","8":"first","9":"instock","10":"sale","11":"featured","12":"taxable","13":"shipping-taxable","14":"purchasable","15":"product-type-variable"},"yoast_head":"<!-- This site is optimized with the Yoast SEO plugin v26.8 - https:\/\/yoast.com\/product\/yoast-seo-wordpress\/ -->\n<title>Manos y pies perfectos con esmaltado permanente. - d-unas<\/title>\n<meta name=\"description\" content=\"Manos y pies perfectos con esmaltado permanente, es la opci\u00f3n ideal para lucir unas u\u00f1as impecables, brillantes y resistentes durante m\u00e1s tiempo.\" \/>\n<meta name=\"robots\" content=\"index, follow, max-snippet:-1, max-image-preview:large, max-video-preview:-1\" \/>\n<link rel=\"canonical\" href=\"https:\/\/d-unas.com\/es\/producto\/manos-y-pies-perfectos-con-esmaltado-permanente\/\" \/>\n<meta property=\"og:locale\" content=\"es_ES\" \/>\n<meta property=\"og:type\" content=\"article\" \/>\n<meta property=\"og:title\" content=\"Manos y pies perfectos con esmaltado permanente. - d-unas\" \/>\n<meta property=\"og:description\" content=\"Manos y pies perfectos con esmaltado permanente, es la opci\u00f3n ideal para lucir unas u\u00f1as impecables, brillantes y resistentes durante m\u00e1s tiempo.\" \/>\n<meta property=\"og:url\" content=\"https:\/\/d-unas.com\/es\/producto\/manos-y-pies-perfectos-con-esmaltado-permanente\/\" \/>\n<meta property=\"og:site_name\" content=\"d-unas\" \/>\n<meta property=\"article:modified_time\" content=\"2026-05-11T06:52:27+00:00\" \/>\n<meta property=\"og:image\" content=\"https:\/\/d-unas.com\/es\/wp-content\/uploads\/2026\/02\/8.png\" \/>\n\t<meta property=\"og:image:width\" content=\"1024\" \/>\n\t<meta property=\"og:image:height\" content=\"1024\" \/>\n\t<meta property=\"og:image:type\" content=\"image\/png\" \/>\n<meta name=\"twitter:card\" content=\"summary_large_image\" \/>\n<meta name=\"twitter:label1\" content=\"Tiempo de lectura\" \/>\n\t<meta name=\"twitter:data1\" content=\"1 minuto\" \/>\n<script type=\"application\/ld+json\" class=\"yoast-schema-graph\">{\"@context\":\"https:\/\/schema.org\",\"@graph\":[{\"@type\":\"WebPage\",\"@id\":\"https:\/\/d-unas.com\/es\/producto\/manos-y-pies-perfectos-con-esmaltado-permanente\/\",\"url\":\"https:\/\/d-unas.com\/es\/producto\/manos-y-pies-perfectos-con-esmaltado-permanente\/\",\"name\":\"Manos y pies perfectos con esmaltado permanente. - d-unas\",\"isPartOf\":{\"@id\":\"https:\/\/d-unas.com\/es\/#website\"},\"primaryImageOfPage\":{\"@id\":\"https:\/\/d-unas.com\/es\/producto\/manos-y-pies-perfectos-con-esmaltado-permanente\/#primaryimage\"},\"image\":{\"@id\":\"https:\/\/d-unas.com\/es\/producto\/manos-y-pies-perfectos-con-esmaltado-permanente\/#primaryimage\"},\"thumbnailUrl\":\"https:\/\/d-unas.com\/es\/wp-content\/uploads\/2026\/02\/8.png\",\"datePublished\":\"2026-04-14T10:38:09+00:00\",\"dateModified\":\"2026-05-11T06:52:27+00:00\",\"description\":\"Manos y pies perfectos con esmaltado permanente, es la opci\u00f3n ideal para lucir unas u\u00f1as impecables, brillantes y resistentes durante m\u00e1s tiempo.\",\"breadcrumb\":{\"@id\":\"https:\/\/d-unas.com\/es\/producto\/manos-y-pies-perfectos-con-esmaltado-permanente\/#breadcrumb\"},\"inLanguage\":\"es\",\"potentialAction\":[{\"@type\":\"ReadAction\",\"target\":[\"https:\/\/d-unas.com\/es\/producto\/manos-y-pies-perfectos-con-esmaltado-permanente\/\"]}]},{\"@type\":\"ImageObject\",\"inLanguage\":\"es\",\"@id\":\"https:\/\/d-unas.com\/es\/producto\/manos-y-pies-perfectos-con-esmaltado-permanente\/#primaryimage\",\"url\":\"https:\/\/d-unas.com\/es\/wp-content\/uploads\/2026\/02\/8.png\",\"contentUrl\":\"https:\/\/d-unas.com\/es\/wp-content\/uploads\/2026\/02\/8.png\",\"width\":1024,\"height\":1024,\"caption\":\"Manos y pies perfectos\"},{\"@type\":\"BreadcrumbList\",\"@id\":\"https:\/\/d-unas.com\/es\/producto\/manos-y-pies-perfectos-con-esmaltado-permanente\/#breadcrumb\",\"itemListElement\":[{\"@type\":\"ListItem\",\"position\":1,\"name\":\"Portada\",\"item\":\"https:\/\/d-unas.com\/es\/\"},{\"@type\":\"ListItem\",\"position\":2,\"name\":\"Promoci\u00f3n apertura\",\"item\":\"https:\/\/d-unas.com\/es\/promocion-apertura\/\"},{\"@type\":\"ListItem\",\"position\":3,\"name\":\"Manos y pies perfectos con esmaltado permanente.\"}]},{\"@type\":\"WebSite\",\"@id\":\"https:\/\/d-unas.com\/es\/#website\",\"url\":\"https:\/\/d-unas.com\/es\/\",\"name\":\"d-unas\",\"description\":\"\",\"publisher\":{\"@id\":\"https:\/\/d-unas.com\/es\/#organization\"},\"potentialAction\":[{\"@type\":\"SearchAction\",\"target\":{\"@type\":\"EntryPoint\",\"urlTemplate\":\"https:\/\/d-unas.com\/es\/?s={search_term_string}\"},\"query-input\":{\"@type\":\"PropertyValueSpecification\",\"valueRequired\":true,\"valueName\":\"search_term_string\"}}],\"inLanguage\":\"es\"},{\"@type\":\"Organization\",\"@id\":\"https:\/\/d-unas.com\/es\/#organization\",\"name\":\"d-unas\",\"url\":\"https:\/\/d-unas.com\/es\/\",\"logo\":{\"@type\":\"ImageObject\",\"inLanguage\":\"es\",\"@id\":\"https:\/\/d-unas.com\/es\/#\/schema\/logo\/image\/\",\"url\":\"https:\/\/d-unas.com\/es\/wp-content\/uploads\/2024\/12\/LOGO-D-UNAS.png\",\"contentUrl\":\"https:\/\/d-unas.com\/es\/wp-content\/uploads\/2024\/12\/LOGO-D-UNAS.png\",\"width\":349,\"height\":97,\"caption\":\"d-unas\"},\"image\":{\"@id\":\"https:\/\/d-unas.com\/es\/#\/schema\/logo\/image\/\"}}]}<\/script>\n<!-- \/ Yoast SEO plugin. -->","yoast_head_json":{"title":"Manos y pies perfectos con esmaltado permanente. - d-unas","description":"Manos y pies perfectos con esmaltado permanente, es la opci\u00f3n ideal para lucir unas u\u00f1as impecables, brillantes y resistentes durante m\u00e1s tiempo.","robots":{"index":"index","follow":"follow","max-snippet":"max-snippet:-1","max-image-preview":"max-image-preview:large","max-video-preview":"max-video-preview:-1"},"canonical":"https:\/\/d-unas.com\/es\/producto\/manos-y-pies-perfectos-con-esmaltado-permanente\/","og_locale":"es_ES","og_type":"article","og_title":"Manos y pies perfectos con esmaltado permanente. - d-unas","og_description":"Manos y pies perfectos con esmaltado permanente, es la opci\u00f3n ideal para lucir unas u\u00f1as impecables, brillantes y resistentes durante m\u00e1s tiempo.","og_url":"https:\/\/d-unas.com\/es\/producto\/manos-y-pies-perfectos-con-esmaltado-permanente\/","og_site_name":"d-unas","article_modified_time":"2026-05-11T06:52:27+00:00","og_image":[{"width":1024,"height":1024,"url":"https:\/\/d-unas.com\/es\/wp-content\/uploads\/2026\/02\/8.png","type":"image\/png"}],"twitter_card":"summary_large_image","twitter_misc":{"Tiempo de lectura":"1 minuto"},"schema":{"@context":"https:\/\/schema.org","@graph":[{"@type":"WebPage","@id":"https:\/\/d-unas.com\/es\/producto\/manos-y-pies-perfectos-con-esmaltado-permanente\/","url":"https:\/\/d-unas.com\/es\/producto\/manos-y-pies-perfectos-con-esmaltado-permanente\/","name":"Manos y pies perfectos con esmaltado permanente. - d-unas","isPartOf":{"@id":"https:\/\/d-unas.com\/es\/#website"},"primaryImageOfPage":{"@id":"https:\/\/d-unas.com\/es\/producto\/manos-y-pies-perfectos-con-esmaltado-permanente\/#primaryimage"},"image":{"@id":"https:\/\/d-unas.com\/es\/producto\/manos-y-pies-perfectos-con-esmaltado-permanente\/#primaryimage"},"thumbnailUrl":"https:\/\/d-unas.com\/es\/wp-content\/uploads\/2026\/02\/8.png","datePublished":"2026-04-14T10:38:09+00:00","dateModified":"2026-05-11T06:52:27+00:00","description":"Manos y pies perfectos con esmaltado permanente, es la opci\u00f3n ideal para lucir unas u\u00f1as impecables, brillantes y resistentes durante m\u00e1s tiempo.","breadcrumb":{"@id":"https:\/\/d-unas.com\/es\/producto\/manos-y-pies-perfectos-con-esmaltado-permanente\/#breadcrumb"},"inLanguage":"es","potentialAction":[{"@type":"ReadAction","target":["https:\/\/d-unas.com\/es\/producto\/manos-y-pies-perfectos-con-esmaltado-permanente\/"]}]},{"@type":"ImageObject","inLanguage":"es","@id":"https:\/\/d-unas.com\/es\/producto\/manos-y-pies-perfectos-con-esmaltado-permanente\/#primaryimage","url":"https:\/\/d-unas.com\/es\/wp-content\/uploads\/2026\/02\/8.png","contentUrl":"https:\/\/d-unas.com\/es\/wp-content\/uploads\/2026\/02\/8.png","width":1024,"height":1024,"caption":"Manos y pies perfectos"},{"@type":"BreadcrumbList","@id":"https:\/\/d-unas.com\/es\/producto\/manos-y-pies-perfectos-con-esmaltado-permanente\/#breadcrumb","itemListElement":[{"@type":"ListItem","position":1,"name":"Portada","item":"https:\/\/d-unas.com\/es\/"},{"@type":"ListItem","position":2,"name":"Promoci\u00f3n apertura","item":"https:\/\/d-unas.com\/es\/promocion-apertura\/"},{"@type":"ListItem","position":3,"name":"Manos y pies perfectos con esmaltado permanente."}]},{"@type":"WebSite","@id":"https:\/\/d-unas.com\/es\/#website","url":"https:\/\/d-unas.com\/es\/","name":"d-unas","description":"","publisher":{"@id":"https:\/\/d-unas.com\/es\/#organization"},"potentialAction":[{"@type":"SearchAction","target":{"@type":"EntryPoint","urlTemplate":"https:\/\/d-unas.com\/es\/?s={search_term_string}"},"query-input":{"@type":"PropertyValueSpecification","valueRequired":true,"valueName":"search_term_string"}}],"inLanguage":"es"},{"@type":"Organization","@id":"https:\/\/d-unas.com\/es\/#organization","name":"d-unas","url":"https:\/\/d-unas.com\/es\/","logo":{"@type":"ImageObject","inLanguage":"es","@id":"https:\/\/d-unas.com\/es\/#\/schema\/logo\/image\/","url":"https:\/\/d-unas.com\/es\/wp-content\/uploads\/2024\/12\/LOGO-D-UNAS.png","contentUrl":"https:\/\/d-unas.com\/es\/wp-content\/uploads\/2024\/12\/LOGO-D-UNAS.png","width":349,"height":97,"caption":"d-unas"},"image":{"@id":"https:\/\/d-unas.com\/es\/#\/schema\/logo\/image\/"}}]}},"_links":{"self":[{"href":"https:\/\/d-unas.com\/es\/wp-json\/wp\/v2\/product\/28828","targetHints":{"allow":["GET"]}}],"collection":[{"href":"https:\/\/d-unas.com\/es\/wp-json\/wp\/v2\/product"}],"about":[{"href":"https:\/\/d-unas.com\/es\/wp-json\/wp\/v2\/types\/product"}],"replies":[{"embeddable":true,"href":"https:\/\/d-unas.com\/es\/wp-json\/wp\/v2\/comments?post=28828"}],"wp:featuredmedia":[{"embeddable":true,"href":"https:\/\/d-unas.com\/es\/wp-json\/wp\/v2\/media\/28678"}],"wp:attachment":[{"href":"https:\/\/d-unas.com\/es\/wp-json\/wp\/v2\/media?parent=28828"}],"wp:term":[{"taxonomy":"product_brand","embeddable":true,"href":"https:\/\/d-unas.com\/es\/wp-json\/wp\/v2\/product_brand?post=28828"},{"taxonomy":"product_cat","embeddable":true,"href":"https:\/\/d-unas.com\/es\/wp-json\/wp\/v2\/product_cat?post=28828"},{"taxonomy":"product_tag","embeddable":true,"href":"https:\/\/d-unas.com\/es\/wp-json\/wp\/v2\/product_tag?post=28828"}],"curies":[{"name":"wp","href":"https:\/\/api.w.org\/{rel}","templated":true}]}}